{"id":1814,"date":"2024-01-12T10:37:42","date_gmt":"2024-01-12T10:37:42","guid":{"rendered":"https:\/\/bijdeboefjes.karisimbi.nl\/groot-groepsverblijf-2"},"modified":"2024-06-21T09:28:37","modified_gmt":"2024-06-21T09:28:37","slug":"gross-gruppenunterkunft-drenthe","status":"publish","type":"page","link":"https:\/\/www.bijdeboefjes.nl\/de\/gross-gruppenunterkunft-drenthe","title":{"rendered":"\u00dcber Bij de boefjes"},"content":{"rendered":"\n<p><\/p>\n\n\n\n<p><\/p>\n\n\n\n<p><strong>Wer sind denn diese &#8218;Schurken&#8216;?<\/strong><br>Wir, Jan Wietse und Gea, sind die &#8218;Boefjes&#8216;. Diesen Spitznamen hat uns vor langer Zeit ein guter Freund verpasst. Dadurch nennen wir uns selbst auch schon sehr lange &#8218;de boefjes&#8216;.<\/p>\n\n\n\n<figure class=\"wp-block-gallery has-nested-images columns-default is-cropped wp-block-gallery-1 is-layout-flex wp-block-gallery-is-layout-flex\">\n<figure class=\"wp-block-image size-full\"><img loading=\"lazy\" decoding=\"async\" width=\"1000\" height=\"750\" data-id=\"1372\" src=\"https:\/\/www.bijdeboefjes.nl\/wp-content\/uploads\/2024\/03\/gevangenismuseum.jpg\" alt=\"\" class=\"wp-image-1372\" srcset=\"https:\/\/www.bijdeboefjes.nl\/wp-content\/uploads\/2024\/03\/gevangenismuseum.jpg 1000w, https:\/\/www.bijdeboefjes.nl\/wp-content\/uploads\/2024\/03\/gevangenismuseum-300x225.jpg 300w, https:\/\/www.bijdeboefjes.nl\/wp-content\/uploads\/2024\/03\/gevangenismuseum-768x576.jpg 768w, https:\/\/www.bijdeboefjes.nl\/wp-content\/uploads\/2024\/03\/gevangenismuseum-702x526.jpg 702w\" sizes=\"auto, (max-width: 1000px) 100vw, 1000px\" \/><\/figure>\n\n\n\n<figure class=\"wp-block-image size-full\"><img loading=\"lazy\" decoding=\"async\" width=\"585\" height=\"439\" data-id=\"1365\" src=\"https:\/\/www.bijdeboefjes.nl\/wp-content\/uploads\/2024\/03\/bij-de-boefjes.jpg\" alt=\"\" class=\"wp-image-1365\" srcset=\"https:\/\/www.bijdeboefjes.nl\/wp-content\/uploads\/2024\/03\/bij-de-boefjes.jpg 585w, https:\/\/www.bijdeboefjes.nl\/wp-content\/uploads\/2024\/03\/bij-de-boefjes-300x225.jpg 300w\" sizes=\"auto, (max-width: 585px) 100vw, 585px\" \/><\/figure>\n<\/figure>\n\n\n\n<div style=\"height:30px\" aria-hidden=\"true\" class=\"wp-block-spacer\"><\/div>\n\n\n\n<p><strong>Wie kamen wir darauf, die Gruppenunterkunft &#8218;Bij de boefjes&#8216; (Daheim bei den Schurken) zu nennen?<\/strong><br>Nach 18 Jahren in der Stadt Groningen zog es uns wieder mehr in die Natur. Wir fanden ein idyllisches Haus mit einer alten Bauernscheune im Umland von Zuidvelde und in der N\u00e4he vom Gef\u00e4ngnisdorf Veenhuizen. Von unserem Haus aus sehen wir in der Ferne das erste Gef\u00e4ngnisgeb\u00e4ude. &#8218;Die Schurken&#8216; beim Schurkendorf, so kam es zu diesem Namen.<\/p>\n\n\n\n<p><strong>Wie ist &#8218;Bij de boefjes&#8216; entstanden?<\/strong><br>Seit wir 2007 hierher gezogen sind, schwirrten uns allerlei Ideen f\u00fcr die alte Scheune im Kopf herum. Letztendlich reifte der Plan, etwas zu realisieren, wobei wir unsere diversen Talente, Leidenschaften, Kenntnisse und Erfahrungen einbringen und gemeinsam unsere Tr\u00e4ume verwirklichen k\u00f6nnen.<\/p>\n\n\n\n<p>Vor sechs Jahren begann der Abriss und das Sparen. Dann haben wir der Gemeinde Noordenveld in einem ersten Schreiben unsere Pl\u00e4ne vorgelegt.<\/p>\n\n\n\n<p>In den vergangenen zwei Jahren haben wir hart daran gearbeitet, das Geb\u00e4ude zu errichten und einzurichten. Mit fantastischen Bauhandwerkern (unter anderem von Oldambtbouw und Melonbouw), Verwandten und Freunden ist es uns gelungen, unseren Traum in die Tat umzusetzen.<\/p>\n\n\n\n<p><strong>\u00dcber die Eigent\u00fcmer<\/strong><br>Gea Messchendorp ist beim Zentrum f\u00fcr Bildende Kunst (Centrum Beeldende Kunst der Gemeinde Groningen) als Finanz- und Verwaltungsfachkraft t\u00e4tig. Mit ihrer Erfahrung im Kulturbereich, ihrer Ausbildung zur Grafikdesignerin und ihrer T\u00e4tigkeit in einem Auktionshaus ist sie ein kreatives Multitalent. Sie kocht und g\u00e4rtnert leidenschaftlich gern und auch diesen Talenten kann sie hier fr\u00f6nen.<\/p>\n\n\n\n<p>Jan Wietse Fokkema hat ein eigenes Unternehmen namens CO8. Neben Interim-Management und Ver\u00e4nderungsmanagement hilft er anderen Unternehmern durch Prozessbegleitung, Beratung, Training und Coaching. Als Musiker und K\u00fcnstler war er au\u00dferdem jahrelang im Kultur- und Bildungsbereich t\u00e4tig.<\/p>\n","protected":false},"excerpt":{"rendered":"<p>Wer sind denn diese &#8218;Schurken&#8216;?Wir, Jan Wietse und Gea, sind die &#8218;Boefjes&#8216;. Diesen Spitznamen hat uns vor langer Zeit ein guter Freund verpasst. Dadurch nennen wir uns selbst auch schon sehr lange &#8218;de boefjes&#8216;. Wie kamen wir darauf, die Gruppenunterkunft &#8218;Bij de boefjes&#8216; (Daheim bei den Schurken) zu nennen?Nach 18 Jahren in der Stadt Groningen [&hellip;]<\/p>\n","protected":false},"author":1,"featured_media":0,"parent":0,"menu_order":0,"comment_status":"closed","ping_status":"closed","template":"","meta":{"_genesis_hide_title":false,"_genesis_hide_breadcrumbs":false,"_genesis_hide_singular_image":false,"_genesis_hide_footer_widgets":false,"_genesis_custom_body_class":"","_genesis_custom_post_class":"","_genesis_layout":"full-width-content","ngg_post_thumbnail":0,"footnotes":""},"class_list":{"0":"post-1814","1":"page","2":"type-page","3":"status-publish","5":"entry"},"yoast_head":"<!-- This site is optimized with the Yoast SEO plugin v27.4 - https:\/\/yoast.com\/product\/yoast-seo-wordpress\/ -->\n<title>Groot groepsverblijf<\/title>\n<meta name=\"robots\" content=\"index, follow, max-snippet:-1, max-image-preview:large, max-video-preview:-1\" \/>\n<link rel=\"canonical\" href=\"https:\/\/www.bijdeboefjes.nl\/de\/gross-gruppenunterkunft-drenthe\" \/>\n<meta property=\"og:locale\" content=\"de_DE\" \/>\n<meta property=\"og:type\" content=\"article\" \/>\n<meta property=\"og:title\" content=\"Groot groepsverblijf\" \/>\n<meta property=\"og:description\" content=\"Wer sind denn diese &#8218;Schurken&#8216;?Wir, Jan Wietse und Gea, sind die &#8218;Boefjes&#8216;. Diesen Spitznamen hat uns vor langer Zeit ein guter Freund verpasst. Dadurch nennen wir uns selbst auch schon sehr lange &#8218;de boefjes&#8216;. Wie kamen wir darauf, die Gruppenunterkunft &#8218;Bij de boefjes&#8216; (Daheim bei den Schurken) zu nennen?Nach 18 Jahren in der Stadt Groningen [&hellip;]\" \/>\n<meta property=\"og:url\" content=\"https:\/\/www.bijdeboefjes.nl\/de\/gross-gruppenunterkunft-drenthe\" \/>\n<meta property=\"og:site_name\" content=\"Luxe groepsaccommodatie Drenthe\" \/>\n<meta property=\"article:publisher\" content=\"https:\/\/www.facebook.com\/bijdeboefjes\/\" \/>\n<meta property=\"article:modified_time\" content=\"2024-06-21T09:28:37+00:00\" \/>\n<meta property=\"og:image\" content=\"https:\/\/www.bijdeboefjes.nl\/wp-content\/uploads\/2024\/03\/gevangenismuseum.jpg\" \/>\n<meta name=\"twitter:card\" content=\"summary_large_image\" \/>\n<meta name=\"twitter:label1\" content=\"Gesch\u00e4tzte Lesezeit\" \/>\n\t<meta name=\"twitter:data1\" content=\"2\u00a0Minuten\" \/>\n<script type=\"application\/ld+json\" class=\"yoast-schema-graph\">{\"@context\":\"https:\\\/\\\/schema.org\",\"@graph\":[{\"@type\":\"WebPage\",\"@id\":\"https:\\\/\\\/www.bijdeboefjes.nl\\\/de\\\/gross-gruppenunterkunft-drenthe\",\"url\":\"https:\\\/\\\/www.bijdeboefjes.nl\\\/de\\\/gross-gruppenunterkunft-drenthe\",\"name\":\"Groot groepsverblijf\",\"isPartOf\":{\"@id\":\"https:\\\/\\\/www.bijdeboefjes.nl\\\/de#website\"},\"primaryImageOfPage\":{\"@id\":\"https:\\\/\\\/www.bijdeboefjes.nl\\\/de\\\/gross-gruppenunterkunft-drenthe#primaryimage\"},\"image\":{\"@id\":\"https:\\\/\\\/www.bijdeboefjes.nl\\\/de\\\/gross-gruppenunterkunft-drenthe#primaryimage\"},\"thumbnailUrl\":\"https:\\\/\\\/www.bijdeboefjes.nl\\\/wp-content\\\/uploads\\\/2024\\\/03\\\/gevangenismuseum.jpg\",\"datePublished\":\"2024-01-12T10:37:42+00:00\",\"dateModified\":\"2024-06-21T09:28:37+00:00\",\"breadcrumb\":{\"@id\":\"https:\\\/\\\/www.bijdeboefjes.nl\\\/de\\\/gross-gruppenunterkunft-drenthe#breadcrumb\"},\"inLanguage\":\"de\",\"potentialAction\":[{\"@type\":\"ReadAction\",\"target\":[\"https:\\\/\\\/www.bijdeboefjes.nl\\\/de\\\/gross-gruppenunterkunft-drenthe\"]}]},{\"@type\":\"ImageObject\",\"inLanguage\":\"de\",\"@id\":\"https:\\\/\\\/www.bijdeboefjes.nl\\\/de\\\/gross-gruppenunterkunft-drenthe#primaryimage\",\"url\":\"https:\\\/\\\/www.bijdeboefjes.nl\\\/wp-content\\\/uploads\\\/2024\\\/03\\\/gevangenismuseum.jpg\",\"contentUrl\":\"https:\\\/\\\/www.bijdeboefjes.nl\\\/wp-content\\\/uploads\\\/2024\\\/03\\\/gevangenismuseum.jpg\"},{\"@type\":\"BreadcrumbList\",\"@id\":\"https:\\\/\\\/www.bijdeboefjes.nl\\\/de\\\/gross-gruppenunterkunft-drenthe#breadcrumb\",\"itemListElement\":[{\"@type\":\"ListItem\",\"position\":1,\"name\":\"Home\",\"item\":\"https:\\\/\\\/www.bijdeboefjes.nl\\\/de\"},{\"@type\":\"ListItem\",\"position\":2,\"name\":\"\u00dcber Bij de boefjes\"}]},{\"@type\":\"WebSite\",\"@id\":\"https:\\\/\\\/www.bijdeboefjes.nl\\\/de#website\",\"url\":\"https:\\\/\\\/www.bijdeboefjes.nl\\\/de\",\"name\":\"Bij de boefjes\",\"description\":\"groepsaccommodatie\",\"publisher\":{\"@id\":\"https:\\\/\\\/www.bijdeboefjes.nl\\\/de#organization\"},\"potentialAction\":[{\"@type\":\"SearchAction\",\"target\":{\"@type\":\"EntryPoint\",\"urlTemplate\":\"https:\\\/\\\/www.bijdeboefjes.nl\\\/de?s={search_term_string}\"},\"query-input\":{\"@type\":\"PropertyValueSpecification\",\"valueRequired\":true,\"valueName\":\"search_term_string\"}}],\"inLanguage\":\"de\"},{\"@type\":[\"Organization\",\"Place\",\"LodgingBusiness\"],\"@id\":\"https:\\\/\\\/www.bijdeboefjes.nl\\\/de#organization\",\"name\":\"Bij de boefjes\",\"alternateName\":\"Groepsaccommodatie\",\"url\":\"https:\\\/\\\/www.bijdeboefjes.nl\\\/de\",\"logo\":{\"@id\":\"https:\\\/\\\/www.bijdeboefjes.nl\\\/de\\\/gross-gruppenunterkunft-drenthe#local-main-organization-logo\"},\"image\":{\"@id\":\"https:\\\/\\\/www.bijdeboefjes.nl\\\/de\\\/gross-gruppenunterkunft-drenthe#local-main-organization-logo\"},\"sameAs\":[\"https:\\\/\\\/www.facebook.com\\\/bijdeboefjes\\\/\",\"https:\\\/\\\/www.instagram.com\\\/bijdeboefjes\\\/?hl=nl\",\"https:\\\/\\\/www.linkedin.com\\\/in\\\/jan-wietse-fokkema-16514729\\\/\",\"https:\\\/\\\/www.linkedin.com\\\/in\\\/gea-messchendorp-4060\"],\"address\":{\"@id\":\"https:\\\/\\\/www.bijdeboefjes.nl\\\/de\\\/gross-gruppenunterkunft-drenthe#local-main-place-address\"},\"geo\":{\"@type\":\"GeoCoordinates\",\"latitude\":\"53.022266660330665\",\"longitude\":\"6.44366787823392\"},\"telephone\":[\"+316 21 99 83 87\"],\"openingHoursSpecification\":[{\"@type\":\"OpeningHoursSpecification\",\"dayOfWeek\":[\"Monday\",\"Tuesday\",\"Wednesday\",\"Thursday\",\"Friday\",\"Saturday\",\"Sunday\"],\"opens\":\"09:00\",\"closes\":\"17:00\"}],\"email\":\"info@bijdeboefjes.nl\",\"areaServed\":\"nederland\",\"vatID\":\"862471539B01\",\"priceRange\":\"$$$\",\"currenciesAccepted\":\"euro\"},{\"@type\":\"PostalAddress\",\"@id\":\"https:\\\/\\\/www.bijdeboefjes.nl\\\/de\\\/gross-gruppenunterkunft-drenthe#local-main-place-address\",\"streetAddress\":\"De Fledders 10\",\"addressLocality\":\"Zuidvelde\",\"postalCode\":\"9335 TH\",\"addressRegion\":\"Drenthe\",\"addressCountry\":\"NL\"},{\"@type\":\"ImageObject\",\"inLanguage\":\"de\",\"@id\":\"https:\\\/\\\/www.bijdeboefjes.nl\\\/de\\\/gross-gruppenunterkunft-drenthe#local-main-organization-logo\",\"url\":\"https:\\\/\\\/www.bijdeboefjes.nl\\\/wp-content\\\/uploads\\\/2024\\\/08\\\/groepsaccommodatie-bijdeboefjes.png\",\"contentUrl\":\"https:\\\/\\\/www.bijdeboefjes.nl\\\/wp-content\\\/uploads\\\/2024\\\/08\\\/groepsaccommodatie-bijdeboefjes.png\",\"width\":261,\"height\":88,\"caption\":\"Bij de boefjes\"}]}<\/script>\n<meta name=\"geo.placename\" content=\"Zuidvelde\" \/>\n<meta name=\"geo.position\" content=\"53.022266660330665;6.44366787823392\" \/>\n<meta name=\"geo.region\" content=\"Niederlande\" \/>\n<!-- \/ Yoast SEO plugin. -->","yoast_head_json":{"title":"Groot groepsverblijf","robots":{"index":"index","follow":"follow","max-snippet":"max-snippet:-1","max-image-preview":"max-image-preview:large","max-video-preview":"max-video-preview:-1"},"canonical":"https:\/\/www.bijdeboefjes.nl\/de\/gross-gruppenunterkunft-drenthe","og_locale":"de_DE","og_type":"article","og_title":"Groot groepsverblijf","og_description":"Wer sind denn diese &#8218;Schurken&#8216;?Wir, Jan Wietse und Gea, sind die &#8218;Boefjes&#8216;. Diesen Spitznamen hat uns vor langer Zeit ein guter Freund verpasst. Dadurch nennen wir uns selbst auch schon sehr lange &#8218;de boefjes&#8216;. Wie kamen wir darauf, die Gruppenunterkunft &#8218;Bij de boefjes&#8216; (Daheim bei den Schurken) zu nennen?Nach 18 Jahren in der Stadt Groningen [&hellip;]","og_url":"https:\/\/www.bijdeboefjes.nl\/de\/gross-gruppenunterkunft-drenthe","og_site_name":"Luxe groepsaccommodatie Drenthe","article_publisher":"https:\/\/www.facebook.com\/bijdeboefjes\/","article_modified_time":"2024-06-21T09:28:37+00:00","og_image":[{"url":"https:\/\/www.bijdeboefjes.nl\/wp-content\/uploads\/2024\/03\/gevangenismuseum.jpg","type":"","width":"","height":""}],"twitter_card":"summary_large_image","twitter_misc":{"Gesch\u00e4tzte Lesezeit":"2\u00a0Minuten"},"schema":{"@context":"https:\/\/schema.org","@graph":[{"@type":"WebPage","@id":"https:\/\/www.bijdeboefjes.nl\/de\/gross-gruppenunterkunft-drenthe","url":"https:\/\/www.bijdeboefjes.nl\/de\/gross-gruppenunterkunft-drenthe","name":"Groot groepsverblijf","isPartOf":{"@id":"https:\/\/www.bijdeboefjes.nl\/de#website"},"primaryImageOfPage":{"@id":"https:\/\/www.bijdeboefjes.nl\/de\/gross-gruppenunterkunft-drenthe#primaryimage"},"image":{"@id":"https:\/\/www.bijdeboefjes.nl\/de\/gross-gruppenunterkunft-drenthe#primaryimage"},"thumbnailUrl":"https:\/\/www.bijdeboefjes.nl\/wp-content\/uploads\/2024\/03\/gevangenismuseum.jpg","datePublished":"2024-01-12T10:37:42+00:00","dateModified":"2024-06-21T09:28:37+00:00","breadcrumb":{"@id":"https:\/\/www.bijdeboefjes.nl\/de\/gross-gruppenunterkunft-drenthe#breadcrumb"},"inLanguage":"de","potentialAction":[{"@type":"ReadAction","target":["https:\/\/www.bijdeboefjes.nl\/de\/gross-gruppenunterkunft-drenthe"]}]},{"@type":"ImageObject","inLanguage":"de","@id":"https:\/\/www.bijdeboefjes.nl\/de\/gross-gruppenunterkunft-drenthe#primaryimage","url":"https:\/\/www.bijdeboefjes.nl\/wp-content\/uploads\/2024\/03\/gevangenismuseum.jpg","contentUrl":"https:\/\/www.bijdeboefjes.nl\/wp-content\/uploads\/2024\/03\/gevangenismuseum.jpg"},{"@type":"BreadcrumbList","@id":"https:\/\/www.bijdeboefjes.nl\/de\/gross-gruppenunterkunft-drenthe#breadcrumb","itemListElement":[{"@type":"ListItem","position":1,"name":"Home","item":"https:\/\/www.bijdeboefjes.nl\/de"},{"@type":"ListItem","position":2,"name":"\u00dcber Bij de boefjes"}]},{"@type":"WebSite","@id":"https:\/\/www.bijdeboefjes.nl\/de#website","url":"https:\/\/www.bijdeboefjes.nl\/de","name":"Bij de boefjes","description":"groepsaccommodatie","publisher":{"@id":"https:\/\/www.bijdeboefjes.nl\/de#organization"},"potentialAction":[{"@type":"SearchAction","target":{"@type":"EntryPoint","urlTemplate":"https:\/\/www.bijdeboefjes.nl\/de?s={search_term_string}"},"query-input":{"@type":"PropertyValueSpecification","valueRequired":true,"valueName":"search_term_string"}}],"inLanguage":"de"},{"@type":["Organization","Place","LodgingBusiness"],"@id":"https:\/\/www.bijdeboefjes.nl\/de#organization","name":"Bij de boefjes","alternateName":"Groepsaccommodatie","url":"https:\/\/www.bijdeboefjes.nl\/de","logo":{"@id":"https:\/\/www.bijdeboefjes.nl\/de\/gross-gruppenunterkunft-drenthe#local-main-organization-logo"},"image":{"@id":"https:\/\/www.bijdeboefjes.nl\/de\/gross-gruppenunterkunft-drenthe#local-main-organization-logo"},"sameAs":["https:\/\/www.facebook.com\/bijdeboefjes\/","https:\/\/www.instagram.com\/bijdeboefjes\/?hl=nl","https:\/\/www.linkedin.com\/in\/jan-wietse-fokkema-16514729\/","https:\/\/www.linkedin.com\/in\/gea-messchendorp-4060"],"address":{"@id":"https:\/\/www.bijdeboefjes.nl\/de\/gross-gruppenunterkunft-drenthe#local-main-place-address"},"geo":{"@type":"GeoCoordinates","latitude":"53.022266660330665","longitude":"6.44366787823392"},"telephone":["+316 21 99 83 87"],"openingHoursSpecification":[{"@type":"OpeningHoursSpecification","dayOfWeek":["Monday","Tuesday","Wednesday","Thursday","Friday","Saturday","Sunday"],"opens":"09:00","closes":"17:00"}],"email":"info@bijdeboefjes.nl","areaServed":"nederland","vatID":"862471539B01","priceRange":"$$$","currenciesAccepted":"euro"},{"@type":"PostalAddress","@id":"https:\/\/www.bijdeboefjes.nl\/de\/gross-gruppenunterkunft-drenthe#local-main-place-address","streetAddress":"De Fledders 10","addressLocality":"Zuidvelde","postalCode":"9335 TH","addressRegion":"Drenthe","addressCountry":"NL"},{"@type":"ImageObject","inLanguage":"de","@id":"https:\/\/www.bijdeboefjes.nl\/de\/gross-gruppenunterkunft-drenthe#local-main-organization-logo","url":"https:\/\/www.bijdeboefjes.nl\/wp-content\/uploads\/2024\/08\/groepsaccommodatie-bijdeboefjes.png","contentUrl":"https:\/\/www.bijdeboefjes.nl\/wp-content\/uploads\/2024\/08\/groepsaccommodatie-bijdeboefjes.png","width":261,"height":88,"caption":"Bij de boefjes"}]},"geo.placename":"Zuidvelde","geo.position":{"lat":"53.022266660330665","long":"6.44366787823392"},"geo.region":"Niederlande"},"featured_image_src":null,"featured_image_src_square":null,"_links":{"self":[{"href":"https:\/\/www.bijdeboefjes.nl\/de\/wp-json\/wp\/v2\/pages\/1814","targetHints":{"allow":["GET"]}}],"collection":[{"href":"https:\/\/www.bijdeboefjes.nl\/de\/wp-json\/wp\/v2\/pages"}],"about":[{"href":"https:\/\/www.bijdeboefjes.nl\/de\/wp-json\/wp\/v2\/types\/page"}],"author":[{"embeddable":true,"href":"https:\/\/www.bijdeboefjes.nl\/de\/wp-json\/wp\/v2\/users\/1"}],"replies":[{"embeddable":true,"href":"https:\/\/www.bijdeboefjes.nl\/de\/wp-json\/wp\/v2\/comments?post=1814"}],"version-history":[{"count":2,"href":"https:\/\/www.bijdeboefjes.nl\/de\/wp-json\/wp\/v2\/pages\/1814\/revisions"}],"predecessor-version":[{"id":1854,"href":"https:\/\/www.bijdeboefjes.nl\/de\/wp-json\/wp\/v2\/pages\/1814\/revisions\/1854"}],"wp:attachment":[{"href":"https:\/\/www.bijdeboefjes.nl\/de\/wp-json\/wp\/v2\/media?parent=1814"}],"curies":[{"name":"wp","href":"https:\/\/api.w.org\/{rel}","templated":true}]}}