{"id":1759,"date":"2024-01-12T10:32:38","date_gmt":"2024-01-12T10:32:38","guid":{"rendered":"https:\/\/bijdeboefjes.karisimbi.nl\/activiteiten\/sportief"},"modified":"2024-03-26T10:17:11","modified_gmt":"2024-03-26T10:17:11","slug":"sportlich","status":"publish","type":"page","link":"https:\/\/www.bijdeboefjes.nl\/de\/aktivitaten\/sportlich","title":{"rendered":"Sportlich, sportlich\u2026"},"content":{"rendered":"\n<p>In der Umgebung von Bij de boefjes kann man nach Herzenslust Rad fahren, wandern und joggen. Zum Beispiel im <a href=\"https:\/\/www.natuurmonumenten.nl\/natuurgebieden\/fochteloerveen\" target=\"_blank\" rel=\"noreferrer noopener\">Fochtelo\u00ebrveen<\/a> und in den W\u00e4ldern rund um <a href=\"https:\/\/natuurlijkwandelen.nl\/norg\/\" target=\"_blank\" rel=\"noreferrer noopener\">Norg<\/a>.<\/p>\n\n\n\n<p>Wer gut durchtrainiert ist, kann sich auf der sch\u00f6nen, langen Mountainbikestrecke bei Gieten und Gasselte auspowern <a href=\"https:\/\/trails.bike\/mtb-route\/nederland\/drenthe\/gieten-gasselte\/1009\" target=\"_blank\" rel=\"noreferrer noopener\">\u2018t Nije Hemelriek<\/a>.<\/p>\n\n\n\n<p><a href=\"https:\/\/www.actief-veenhuizen.nl\/\" target=\"_blank\" rel=\"noreferrer noopener\">Actief Veenhuizen<\/a> und <a href=\"https:\/\/jpactiviteiten.nl\/uitjes\/\" target=\"_blank\" rel=\"noreferrer noopener\">JP Activiteiten<\/a> bieten diverse Gruppenaktivit\u00e4ten f\u00fcr sportlich oder kulturell interessierte Leute.<\/p>\n\n\n\n<p>Die sehr fahrradfreundliche Gemeinde Noordenveld organisiert j\u00e4hrlich mehrere Radtouristik- und Radsportveranstaltungen, z. b. <a href=\"https:\/\/www.drenthe200.nl\/\" target=\"_blank\" rel=\"noreferrer noopener\">Drenthe 200<\/a> und <a href=\"https:\/\/www.veldslagomnorg.nl\/\" target=\"_blank\" rel=\"noreferrer noopener\">Veldslag om Norg<\/a>.<\/p>\n\n\n\n<p>In Norg gibt es wundersch\u00f6n gelegene T<a href=\"https:\/\/www.norgertv.nl\/baan_huren\" target=\"_blank\" rel=\"noreferrer noopener\">ennispl\u00e4tze<\/a> und in Veenhuizen l\u00e4dt ein <a href=\"https:\/\/www.zwembadveenhuizen.nl\/\" target=\"_blank\" rel=\"noreferrer noopener\">freibad<\/a>.<\/p>\n\n\n\n<figure class=\"wp-block-image size-large\"><img loading=\"lazy\" decoding=\"async\" width=\"1024\" height=\"683\" src=\"https:\/\/www.bijdeboefjes.nl\/wp-content\/uploads\/2024\/01\/wandelen-drenthe-1024x683.jpg\" alt=\"\" class=\"wp-image-671\" srcset=\"https:\/\/www.bijdeboefjes.nl\/wp-content\/uploads\/2024\/01\/wandelen-drenthe-1024x683.jpg 1024w, https:\/\/www.bijdeboefjes.nl\/wp-content\/uploads\/2024\/01\/wandelen-drenthe-300x200.jpg 300w, https:\/\/www.bijdeboefjes.nl\/wp-content\/uploads\/2024\/01\/wandelen-drenthe-768x512.jpg 768w, https:\/\/www.bijdeboefjes.nl\/wp-content\/uploads\/2024\/01\/wandelen-drenthe-600x400.jpg 600w, https:\/\/www.bijdeboefjes.nl\/wp-content\/uploads\/2024\/01\/wandelen-drenthe.jpg 1224w\" sizes=\"auto, (max-width: 1024px) 100vw, 1024px\" \/><\/figure>\n","protected":false},"excerpt":{"rendered":"<p>In der Umgebung von Bij de boefjes kann man nach Herzenslust Rad fahren, wandern und joggen. Zum Beispiel im Fochtelo\u00ebrveen und in den W\u00e4ldern rund um Norg. Wer gut durchtrainiert ist, kann sich auf der sch\u00f6nen, langen Mountainbikestrecke bei Gieten und Gasselte auspowern \u2018t Nije Hemelriek. Actief Veenhuizen und JP Activiteiten bieten diverse Gruppenaktivit\u00e4ten f\u00fcr [&hellip;]<\/p>\n","protected":false},"author":1,"featured_media":1502,"parent":1729,"menu_order":0,"comment_status":"closed","ping_status":"closed","template":"","meta":{"_genesis_hide_title":false,"_genesis_hide_breadcrumbs":false,"_genesis_hide_singular_image":false,"_genesis_hide_footer_widgets":false,"_genesis_custom_body_class":"","_genesis_custom_post_class":"","_genesis_layout":"full-width-content","ngg_post_thumbnail":0,"footnotes":""},"class_list":{"0":"post-1759","1":"page","2":"type-page","3":"status-publish","4":"has-post-thumbnail","6":"entry"},"yoast_head":"<!-- This site is optimized with the Yoast SEO plugin v27.4 - https:\/\/yoast.com\/product\/yoast-seo-wordpress\/ -->\n<title>Sportlich, sportlich\u2026 - Luxe groepsaccommodatie Drenthe<\/title>\n<meta name=\"robots\" content=\"index, follow, max-snippet:-1, max-image-preview:large, max-video-preview:-1\" \/>\n<link rel=\"canonical\" href=\"https:\/\/www.bijdeboefjes.nl\/de\/aktivitaten\/sportlich\" \/>\n<meta property=\"og:locale\" content=\"de_DE\" \/>\n<meta property=\"og:type\" content=\"article\" \/>\n<meta property=\"og:title\" content=\"Sportlich, sportlich\u2026 - Luxe groepsaccommodatie Drenthe\" \/>\n<meta property=\"og:description\" content=\"In der Umgebung von Bij de boefjes kann man nach Herzenslust Rad fahren, wandern und joggen. Zum Beispiel im Fochtelo\u00ebrveen und in den W\u00e4ldern rund um Norg. Wer gut durchtrainiert ist, kann sich auf der sch\u00f6nen, langen Mountainbikestrecke bei Gieten und Gasselte auspowern \u2018t Nije Hemelriek. Actief Veenhuizen und JP Activiteiten bieten diverse Gruppenaktivit\u00e4ten f\u00fcr [&hellip;]\" \/>\n<meta property=\"og:url\" content=\"https:\/\/www.bijdeboefjes.nl\/de\/aktivitaten\/sportlich\" \/>\n<meta property=\"og:site_name\" content=\"Luxe groepsaccommodatie Drenthe\" \/>\n<meta property=\"article:publisher\" content=\"https:\/\/www.facebook.com\/bijdeboefjes\/\" \/>\n<meta property=\"article:modified_time\" content=\"2024-03-26T10:17:11+00:00\" \/>\n<meta property=\"og:image\" content=\"https:\/\/www.bijdeboefjes.nl\/wp-content\/uploads\/2024\/01\/groepsaccommodatie-activiteiten.jpg\" \/>\n\t<meta property=\"og:image:width\" content=\"1024\" \/>\n\t<meta property=\"og:image:height\" content=\"633\" \/>\n\t<meta property=\"og:image:type\" content=\"image\/jpeg\" \/>\n<meta name=\"twitter:card\" content=\"summary_large_image\" \/>\n<meta name=\"twitter:label1\" content=\"Gesch\u00e4tzte Lesezeit\" \/>\n\t<meta name=\"twitter:data1\" content=\"1\u00a0Minute\" \/>\n<script type=\"application\/ld+json\" class=\"yoast-schema-graph\">{\"@context\":\"https:\\\/\\\/schema.org\",\"@graph\":[{\"@type\":\"WebPage\",\"@id\":\"https:\\\/\\\/www.bijdeboefjes.nl\\\/de\\\/aktivitaten\\\/sportlich\",\"url\":\"https:\\\/\\\/www.bijdeboefjes.nl\\\/de\\\/aktivitaten\\\/sportlich\",\"name\":\"Sportlich, sportlich\u2026 - Luxe groepsaccommodatie Drenthe\",\"isPartOf\":{\"@id\":\"https:\\\/\\\/www.bijdeboefjes.nl\\\/de#website\"},\"primaryImageOfPage\":{\"@id\":\"https:\\\/\\\/www.bijdeboefjes.nl\\\/de\\\/aktivitaten\\\/sportlich#primaryimage\"},\"image\":{\"@id\":\"https:\\\/\\\/www.bijdeboefjes.nl\\\/de\\\/aktivitaten\\\/sportlich#primaryimage\"},\"thumbnailUrl\":\"https:\\\/\\\/www.bijdeboefjes.nl\\\/wp-content\\\/uploads\\\/2024\\\/01\\\/groepsaccommodatie-activiteiten.jpg\",\"datePublished\":\"2024-01-12T10:32:38+00:00\",\"dateModified\":\"2024-03-26T10:17:11+00:00\",\"breadcrumb\":{\"@id\":\"https:\\\/\\\/www.bijdeboefjes.nl\\\/de\\\/aktivitaten\\\/sportlich#breadcrumb\"},\"inLanguage\":\"de\",\"potentialAction\":[{\"@type\":\"ReadAction\",\"target\":[\"https:\\\/\\\/www.bijdeboefjes.nl\\\/de\\\/aktivitaten\\\/sportlich\"]}]},{\"@type\":\"ImageObject\",\"inLanguage\":\"de\",\"@id\":\"https:\\\/\\\/www.bijdeboefjes.nl\\\/de\\\/aktivitaten\\\/sportlich#primaryimage\",\"url\":\"https:\\\/\\\/www.bijdeboefjes.nl\\\/wp-content\\\/uploads\\\/2024\\\/01\\\/groepsaccommodatie-activiteiten.jpg\",\"contentUrl\":\"https:\\\/\\\/www.bijdeboefjes.nl\\\/wp-content\\\/uploads\\\/2024\\\/01\\\/groepsaccommodatie-activiteiten.jpg\",\"width\":1024,\"height\":633,\"caption\":\"Groepsaccommodatie Norg\"},{\"@type\":\"BreadcrumbList\",\"@id\":\"https:\\\/\\\/www.bijdeboefjes.nl\\\/de\\\/aktivitaten\\\/sportlich#breadcrumb\",\"itemListElement\":[{\"@type\":\"ListItem\",\"position\":1,\"name\":\"Home\",\"item\":\"https:\\\/\\\/www.bijdeboefjes.nl\\\/de\"},{\"@type\":\"ListItem\",\"position\":2,\"name\":\"Was kann man alles unternehmen?\",\"item\":\"https:\\\/\\\/www.bijdeboefjes.nl\\\/de\\\/aktivitaten\"},{\"@type\":\"ListItem\",\"position\":3,\"name\":\"Sportlich, sportlich\u2026\"}]},{\"@type\":\"WebSite\",\"@id\":\"https:\\\/\\\/www.bijdeboefjes.nl\\\/de#website\",\"url\":\"https:\\\/\\\/www.bijdeboefjes.nl\\\/de\",\"name\":\"Bij de boefjes\",\"description\":\"groepsaccommodatie\",\"publisher\":{\"@id\":\"https:\\\/\\\/www.bijdeboefjes.nl\\\/de#organization\"},\"potentialAction\":[{\"@type\":\"SearchAction\",\"target\":{\"@type\":\"EntryPoint\",\"urlTemplate\":\"https:\\\/\\\/www.bijdeboefjes.nl\\\/de?s={search_term_string}\"},\"query-input\":{\"@type\":\"PropertyValueSpecification\",\"valueRequired\":true,\"valueName\":\"search_term_string\"}}],\"inLanguage\":\"de\"},{\"@type\":[\"Organization\",\"Place\",\"LodgingBusiness\"],\"@id\":\"https:\\\/\\\/www.bijdeboefjes.nl\\\/de#organization\",\"name\":\"Bij de boefjes\",\"alternateName\":\"Groepsaccommodatie\",\"url\":\"https:\\\/\\\/www.bijdeboefjes.nl\\\/de\",\"logo\":{\"@id\":\"https:\\\/\\\/www.bijdeboefjes.nl\\\/de\\\/aktivitaten\\\/sportlich#local-main-organization-logo\"},\"image\":{\"@id\":\"https:\\\/\\\/www.bijdeboefjes.nl\\\/de\\\/aktivitaten\\\/sportlich#local-main-organization-logo\"},\"sameAs\":[\"https:\\\/\\\/www.facebook.com\\\/bijdeboefjes\\\/\",\"https:\\\/\\\/www.instagram.com\\\/bijdeboefjes\\\/?hl=nl\",\"https:\\\/\\\/www.linkedin.com\\\/in\\\/jan-wietse-fokkema-16514729\\\/\",\"https:\\\/\\\/www.linkedin.com\\\/in\\\/gea-messchendorp-4060\"],\"address\":{\"@id\":\"https:\\\/\\\/www.bijdeboefjes.nl\\\/de\\\/aktivitaten\\\/sportlich#local-main-place-address\"},\"geo\":{\"@type\":\"GeoCoordinates\",\"latitude\":\"53.022266660330665\",\"longitude\":\"6.44366787823392\"},\"telephone\":[\"+316 21 99 83 87\"],\"openingHoursSpecification\":[{\"@type\":\"OpeningHoursSpecification\",\"dayOfWeek\":[\"Monday\",\"Tuesday\",\"Wednesday\",\"Thursday\",\"Friday\",\"Saturday\",\"Sunday\"],\"opens\":\"09:00\",\"closes\":\"17:00\"}],\"email\":\"info@bijdeboefjes.nl\",\"areaServed\":\"nederland\",\"vatID\":\"862471539B01\",\"priceRange\":\"$$$\",\"currenciesAccepted\":\"euro\"},{\"@type\":\"PostalAddress\",\"@id\":\"https:\\\/\\\/www.bijdeboefjes.nl\\\/de\\\/aktivitaten\\\/sportlich#local-main-place-address\",\"streetAddress\":\"De Fledders 10\",\"addressLocality\":\"Zuidvelde\",\"postalCode\":\"9335 TH\",\"addressRegion\":\"Drenthe\",\"addressCountry\":\"NL\"},{\"@type\":\"ImageObject\",\"inLanguage\":\"de\",\"@id\":\"https:\\\/\\\/www.bijdeboefjes.nl\\\/de\\\/aktivitaten\\\/sportlich#local-main-organization-logo\",\"url\":\"https:\\\/\\\/www.bijdeboefjes.nl\\\/wp-content\\\/uploads\\\/2024\\\/08\\\/groepsaccommodatie-bijdeboefjes.png\",\"contentUrl\":\"https:\\\/\\\/www.bijdeboefjes.nl\\\/wp-content\\\/uploads\\\/2024\\\/08\\\/groepsaccommodatie-bijdeboefjes.png\",\"width\":261,\"height\":88,\"caption\":\"Bij de boefjes\"}]}<\/script>\n<meta name=\"geo.placename\" content=\"Zuidvelde\" \/>\n<meta name=\"geo.position\" content=\"53.022266660330665;6.44366787823392\" \/>\n<meta name=\"geo.region\" content=\"Niederlande\" \/>\n<!-- \/ Yoast SEO plugin. -->","yoast_head_json":{"title":"Sportlich, sportlich\u2026 - Luxe groepsaccommodatie Drenthe","robots":{"index":"index","follow":"follow","max-snippet":"max-snippet:-1","max-image-preview":"max-image-preview:large","max-video-preview":"max-video-preview:-1"},"canonical":"https:\/\/www.bijdeboefjes.nl\/de\/aktivitaten\/sportlich","og_locale":"de_DE","og_type":"article","og_title":"Sportlich, sportlich\u2026 - Luxe groepsaccommodatie Drenthe","og_description":"In der Umgebung von Bij de boefjes kann man nach Herzenslust Rad fahren, wandern und joggen. Zum Beispiel im Fochtelo\u00ebrveen und in den W\u00e4ldern rund um Norg. Wer gut durchtrainiert ist, kann sich auf der sch\u00f6nen, langen Mountainbikestrecke bei Gieten und Gasselte auspowern \u2018t Nije Hemelriek. Actief Veenhuizen und JP Activiteiten bieten diverse Gruppenaktivit\u00e4ten f\u00fcr [&hellip;]","og_url":"https:\/\/www.bijdeboefjes.nl\/de\/aktivitaten\/sportlich","og_site_name":"Luxe groepsaccommodatie Drenthe","article_publisher":"https:\/\/www.facebook.com\/bijdeboefjes\/","article_modified_time":"2024-03-26T10:17:11+00:00","og_image":[{"width":1024,"height":633,"url":"https:\/\/www.bijdeboefjes.nl\/wp-content\/uploads\/2024\/01\/groepsaccommodatie-activiteiten.jpg","type":"image\/jpeg"}],"twitter_card":"summary_large_image","twitter_misc":{"Gesch\u00e4tzte Lesezeit":"1\u00a0Minute"},"schema":{"@context":"https:\/\/schema.org","@graph":[{"@type":"WebPage","@id":"https:\/\/www.bijdeboefjes.nl\/de\/aktivitaten\/sportlich","url":"https:\/\/www.bijdeboefjes.nl\/de\/aktivitaten\/sportlich","name":"Sportlich, sportlich\u2026 - Luxe groepsaccommodatie Drenthe","isPartOf":{"@id":"https:\/\/www.bijdeboefjes.nl\/de#website"},"primaryImageOfPage":{"@id":"https:\/\/www.bijdeboefjes.nl\/de\/aktivitaten\/sportlich#primaryimage"},"image":{"@id":"https:\/\/www.bijdeboefjes.nl\/de\/aktivitaten\/sportlich#primaryimage"},"thumbnailUrl":"https:\/\/www.bijdeboefjes.nl\/wp-content\/uploads\/2024\/01\/groepsaccommodatie-activiteiten.jpg","datePublished":"2024-01-12T10:32:38+00:00","dateModified":"2024-03-26T10:17:11+00:00","breadcrumb":{"@id":"https:\/\/www.bijdeboefjes.nl\/de\/aktivitaten\/sportlich#breadcrumb"},"inLanguage":"de","potentialAction":[{"@type":"ReadAction","target":["https:\/\/www.bijdeboefjes.nl\/de\/aktivitaten\/sportlich"]}]},{"@type":"ImageObject","inLanguage":"de","@id":"https:\/\/www.bijdeboefjes.nl\/de\/aktivitaten\/sportlich#primaryimage","url":"https:\/\/www.bijdeboefjes.nl\/wp-content\/uploads\/2024\/01\/groepsaccommodatie-activiteiten.jpg","contentUrl":"https:\/\/www.bijdeboefjes.nl\/wp-content\/uploads\/2024\/01\/groepsaccommodatie-activiteiten.jpg","width":1024,"height":633,"caption":"Groepsaccommodatie Norg"},{"@type":"BreadcrumbList","@id":"https:\/\/www.bijdeboefjes.nl\/de\/aktivitaten\/sportlich#breadcrumb","itemListElement":[{"@type":"ListItem","position":1,"name":"Home","item":"https:\/\/www.bijdeboefjes.nl\/de"},{"@type":"ListItem","position":2,"name":"Was kann man alles unternehmen?","item":"https:\/\/www.bijdeboefjes.nl\/de\/aktivitaten"},{"@type":"ListItem","position":3,"name":"Sportlich, sportlich\u2026"}]},{"@type":"WebSite","@id":"https:\/\/www.bijdeboefjes.nl\/de#website","url":"https:\/\/www.bijdeboefjes.nl\/de","name":"Bij de boefjes","description":"groepsaccommodatie","publisher":{"@id":"https:\/\/www.bijdeboefjes.nl\/de#organization"},"potentialAction":[{"@type":"SearchAction","target":{"@type":"EntryPoint","urlTemplate":"https:\/\/www.bijdeboefjes.nl\/de?s={search_term_string}"},"query-input":{"@type":"PropertyValueSpecification","valueRequired":true,"valueName":"search_term_string"}}],"inLanguage":"de"},{"@type":["Organization","Place","LodgingBusiness"],"@id":"https:\/\/www.bijdeboefjes.nl\/de#organization","name":"Bij de boefjes","alternateName":"Groepsaccommodatie","url":"https:\/\/www.bijdeboefjes.nl\/de","logo":{"@id":"https:\/\/www.bijdeboefjes.nl\/de\/aktivitaten\/sportlich#local-main-organization-logo"},"image":{"@id":"https:\/\/www.bijdeboefjes.nl\/de\/aktivitaten\/sportlich#local-main-organization-logo"},"sameAs":["https:\/\/www.facebook.com\/bijdeboefjes\/","https:\/\/www.instagram.com\/bijdeboefjes\/?hl=nl","https:\/\/www.linkedin.com\/in\/jan-wietse-fokkema-16514729\/","https:\/\/www.linkedin.com\/in\/gea-messchendorp-4060"],"address":{"@id":"https:\/\/www.bijdeboefjes.nl\/de\/aktivitaten\/sportlich#local-main-place-address"},"geo":{"@type":"GeoCoordinates","latitude":"53.022266660330665","longitude":"6.44366787823392"},"telephone":["+316 21 99 83 87"],"openingHoursSpecification":[{"@type":"OpeningHoursSpecification","dayOfWeek":["Monday","Tuesday","Wednesday","Thursday","Friday","Saturday","Sunday"],"opens":"09:00","closes":"17:00"}],"email":"info@bijdeboefjes.nl","areaServed":"nederland","vatID":"862471539B01","priceRange":"$$$","currenciesAccepted":"euro"},{"@type":"PostalAddress","@id":"https:\/\/www.bijdeboefjes.nl\/de\/aktivitaten\/sportlich#local-main-place-address","streetAddress":"De Fledders 10","addressLocality":"Zuidvelde","postalCode":"9335 TH","addressRegion":"Drenthe","addressCountry":"NL"},{"@type":"ImageObject","inLanguage":"de","@id":"https:\/\/www.bijdeboefjes.nl\/de\/aktivitaten\/sportlich#local-main-organization-logo","url":"https:\/\/www.bijdeboefjes.nl\/wp-content\/uploads\/2024\/08\/groepsaccommodatie-bijdeboefjes.png","contentUrl":"https:\/\/www.bijdeboefjes.nl\/wp-content\/uploads\/2024\/08\/groepsaccommodatie-bijdeboefjes.png","width":261,"height":88,"caption":"Bij de boefjes"}]},"geo.placename":"Zuidvelde","geo.position":{"lat":"53.022266660330665","long":"6.44366787823392"},"geo.region":"Niederlande"},"featured_image_src":"https:\/\/www.bijdeboefjes.nl\/wp-content\/uploads\/2024\/01\/groepsaccommodatie-activiteiten-600x400.jpg","featured_image_src_square":"https:\/\/www.bijdeboefjes.nl\/wp-content\/uploads\/2024\/01\/groepsaccommodatie-activiteiten-600x600.jpg","_links":{"self":[{"href":"https:\/\/www.bijdeboefjes.nl\/de\/wp-json\/wp\/v2\/pages\/1759","targetHints":{"allow":["GET"]}}],"collection":[{"href":"https:\/\/www.bijdeboefjes.nl\/de\/wp-json\/wp\/v2\/pages"}],"about":[{"href":"https:\/\/www.bijdeboefjes.nl\/de\/wp-json\/wp\/v2\/types\/page"}],"author":[{"embeddable":true,"href":"https:\/\/www.bijdeboefjes.nl\/de\/wp-json\/wp\/v2\/users\/1"}],"replies":[{"embeddable":true,"href":"https:\/\/www.bijdeboefjes.nl\/de\/wp-json\/wp\/v2\/comments?post=1759"}],"version-history":[{"count":2,"href":"https:\/\/www.bijdeboefjes.nl\/de\/wp-json\/wp\/v2\/pages\/1759\/revisions"}],"predecessor-version":[{"id":1852,"href":"https:\/\/www.bijdeboefjes.nl\/de\/wp-json\/wp\/v2\/pages\/1759\/revisions\/1852"}],"up":[{"embeddable":true,"href":"https:\/\/www.bijdeboefjes.nl\/de\/wp-json\/wp\/v2\/pages\/1729"}],"wp:featuredmedia":[{"embeddable":true,"href":"https:\/\/www.bijdeboefjes.nl\/de\/wp-json\/wp\/v2\/media\/1502"}],"wp:attachment":[{"href":"https:\/\/www.bijdeboefjes.nl\/de\/wp-json\/wp\/v2\/media?parent=1759"}],"curies":[{"name":"wp","href":"https:\/\/api.w.org\/{rel}","templated":true}]}}