{"id":1747,"date":"2024-01-12T10:34:01","date_gmt":"2024-01-12T10:34:01","guid":{"rendered":"https:\/\/bijdeboefjes.karisimbi.nl\/activiteiten\/culinair"},"modified":"2024-03-19T10:40:57","modified_gmt":"2024-03-19T10:40:57","slug":"culinair","status":"publish","type":"page","link":"https:\/\/www.bijdeboefjes.nl\/de\/aktivitaten\/culinair","title":{"rendered":"Kulinarisches"},"content":{"rendered":"\n<p>Unsere gro\u00dfe K\u00fcche ist mit jeglichem Komfort ausgestattet. Hier k\u00f6nnt ihr wunderbar zusammen kochen.<\/p>\n\n\n\n<p>Keine Lust, selbst am Herd zu stehen? Wir haben ein ausgezeichnetes Netzwerk mit Catering-Unternehmen und Privatk\u00f6chen, die sowohl f\u00fcr Buffets als auch f\u00fcr Mahlzeiten sorgen k\u00f6nnen. Erkundigt euch ganz unverbindlich nach den M\u00f6glichkeiten. In der direkten Umgebung gibt es viele interessante Restaurants. In unserer Infomappe haben wir ein paar davon aufgelistet.<\/p>\n","protected":false},"excerpt":{"rendered":"<p>Unsere gro\u00dfe K\u00fcche ist mit jeglichem Komfort ausgestattet. Hier k\u00f6nnt ihr wunderbar zusammen kochen. Keine Lust, selbst am Herd zu stehen? Wir haben ein ausgezeichnetes Netzwerk mit Catering-Unternehmen und Privatk\u00f6chen, die sowohl f\u00fcr Buffets als auch f\u00fcr Mahlzeiten sorgen k\u00f6nnen. Erkundigt euch ganz unverbindlich nach den M\u00f6glichkeiten. In der direkten Umgebung gibt es viele interessante [&hellip;]<\/p>\n","protected":false},"author":1,"featured_media":1508,"parent":1729,"menu_order":0,"comment_status":"closed","ping_status":"closed","template":"","meta":{"_genesis_hide_title":false,"_genesis_hide_breadcrumbs":false,"_genesis_hide_singular_image":false,"_genesis_hide_footer_widgets":false,"_genesis_custom_body_class":"","_genesis_custom_post_class":"","_genesis_layout":"full-width-content","ngg_post_thumbnail":0,"footnotes":""},"class_list":{"0":"post-1747","1":"page","2":"type-page","3":"status-publish","4":"has-post-thumbnail","6":"entry"},"yoast_head":"<!-- This site is optimized with the Yoast SEO plugin v27.4 - https:\/\/yoast.com\/product\/yoast-seo-wordpress\/ -->\n<title>Kulinarisches - Luxe groepsaccommodatie Drenthe<\/title>\n<meta name=\"robots\" content=\"index, follow, max-snippet:-1, max-image-preview:large, max-video-preview:-1\" \/>\n<link rel=\"canonical\" href=\"https:\/\/www.bijdeboefjes.nl\/de\/aktivitaten\/culinair\" \/>\n<meta property=\"og:locale\" content=\"de_DE\" \/>\n<meta property=\"og:type\" content=\"article\" \/>\n<meta property=\"og:title\" content=\"Kulinarisches - Luxe groepsaccommodatie Drenthe\" \/>\n<meta property=\"og:description\" content=\"Unsere gro\u00dfe K\u00fcche ist mit jeglichem Komfort ausgestattet. Hier k\u00f6nnt ihr wunderbar zusammen kochen. Keine Lust, selbst am Herd zu stehen? Wir haben ein ausgezeichnetes Netzwerk mit Catering-Unternehmen und Privatk\u00f6chen, die sowohl f\u00fcr Buffets als auch f\u00fcr Mahlzeiten sorgen k\u00f6nnen. Erkundigt euch ganz unverbindlich nach den M\u00f6glichkeiten. In der direkten Umgebung gibt es viele interessante [&hellip;]\" \/>\n<meta property=\"og:url\" content=\"https:\/\/www.bijdeboefjes.nl\/de\/aktivitaten\/culinair\" \/>\n<meta property=\"og:site_name\" content=\"Luxe groepsaccommodatie Drenthe\" \/>\n<meta property=\"article:publisher\" content=\"https:\/\/www.facebook.com\/bijdeboefjes\/\" \/>\n<meta property=\"article:modified_time\" content=\"2024-03-19T10:40:57+00:00\" \/>\n<meta property=\"og:image\" content=\"https:\/\/www.bijdeboefjes.nl\/wp-content\/uploads\/2024\/01\/maallust-veenhuizen.jpg\" \/>\n\t<meta property=\"og:image:width\" content=\"1224\" \/>\n\t<meta property=\"og:image:height\" content=\"918\" \/>\n\t<meta property=\"og:image:type\" content=\"image\/jpeg\" \/>\n<meta name=\"twitter:card\" content=\"summary_large_image\" \/>\n<meta name=\"twitter:label1\" content=\"Gesch\u00e4tzte Lesezeit\" \/>\n\t<meta name=\"twitter:data1\" content=\"1\u00a0Minute\" \/>\n<script type=\"application\/ld+json\" class=\"yoast-schema-graph\">{\"@context\":\"https:\\\/\\\/schema.org\",\"@graph\":[{\"@type\":\"WebPage\",\"@id\":\"https:\\\/\\\/www.bijdeboefjes.nl\\\/de\\\/aktivitaten\\\/culinair\",\"url\":\"https:\\\/\\\/www.bijdeboefjes.nl\\\/de\\\/aktivitaten\\\/culinair\",\"name\":\"Kulinarisches - Luxe groepsaccommodatie Drenthe\",\"isPartOf\":{\"@id\":\"https:\\\/\\\/www.bijdeboefjes.nl\\\/de#website\"},\"primaryImageOfPage\":{\"@id\":\"https:\\\/\\\/www.bijdeboefjes.nl\\\/de\\\/aktivitaten\\\/culinair#primaryimage\"},\"image\":{\"@id\":\"https:\\\/\\\/www.bijdeboefjes.nl\\\/de\\\/aktivitaten\\\/culinair#primaryimage\"},\"thumbnailUrl\":\"https:\\\/\\\/www.bijdeboefjes.nl\\\/wp-content\\\/uploads\\\/2024\\\/01\\\/maallust-veenhuizen.jpg\",\"datePublished\":\"2024-01-12T10:34:01+00:00\",\"dateModified\":\"2024-03-19T10:40:57+00:00\",\"breadcrumb\":{\"@id\":\"https:\\\/\\\/www.bijdeboefjes.nl\\\/de\\\/aktivitaten\\\/culinair#breadcrumb\"},\"inLanguage\":\"de\",\"potentialAction\":[{\"@type\":\"ReadAction\",\"target\":[\"https:\\\/\\\/www.bijdeboefjes.nl\\\/de\\\/aktivitaten\\\/culinair\"]}]},{\"@type\":\"ImageObject\",\"inLanguage\":\"de\",\"@id\":\"https:\\\/\\\/www.bijdeboefjes.nl\\\/de\\\/aktivitaten\\\/culinair#primaryimage\",\"url\":\"https:\\\/\\\/www.bijdeboefjes.nl\\\/wp-content\\\/uploads\\\/2024\\\/01\\\/maallust-veenhuizen.jpg\",\"contentUrl\":\"https:\\\/\\\/www.bijdeboefjes.nl\\\/wp-content\\\/uploads\\\/2024\\\/01\\\/maallust-veenhuizen.jpg\",\"width\":1224,\"height\":918,\"caption\":\"vergaderen met eten en drinken\"},{\"@type\":\"BreadcrumbList\",\"@id\":\"https:\\\/\\\/www.bijdeboefjes.nl\\\/de\\\/aktivitaten\\\/culinair#breadcrumb\",\"itemListElement\":[{\"@type\":\"ListItem\",\"position\":1,\"name\":\"Home\",\"item\":\"https:\\\/\\\/www.bijdeboefjes.nl\\\/de\"},{\"@type\":\"ListItem\",\"position\":2,\"name\":\"Was kann man alles unternehmen?\",\"item\":\"https:\\\/\\\/www.bijdeboefjes.nl\\\/de\\\/aktivitaten\"},{\"@type\":\"ListItem\",\"position\":3,\"name\":\"Kulinarisches\"}]},{\"@type\":\"WebSite\",\"@id\":\"https:\\\/\\\/www.bijdeboefjes.nl\\\/de#website\",\"url\":\"https:\\\/\\\/www.bijdeboefjes.nl\\\/de\",\"name\":\"Bij de boefjes\",\"description\":\"groepsaccommodatie\",\"publisher\":{\"@id\":\"https:\\\/\\\/www.bijdeboefjes.nl\\\/de#organization\"},\"potentialAction\":[{\"@type\":\"SearchAction\",\"target\":{\"@type\":\"EntryPoint\",\"urlTemplate\":\"https:\\\/\\\/www.bijdeboefjes.nl\\\/de?s={search_term_string}\"},\"query-input\":{\"@type\":\"PropertyValueSpecification\",\"valueRequired\":true,\"valueName\":\"search_term_string\"}}],\"inLanguage\":\"de\"},{\"@type\":[\"Organization\",\"Place\",\"LodgingBusiness\"],\"@id\":\"https:\\\/\\\/www.bijdeboefjes.nl\\\/de#organization\",\"name\":\"Bij de boefjes\",\"alternateName\":\"Groepsaccommodatie\",\"url\":\"https:\\\/\\\/www.bijdeboefjes.nl\\\/de\",\"logo\":{\"@id\":\"https:\\\/\\\/www.bijdeboefjes.nl\\\/de\\\/aktivitaten\\\/culinair#local-main-organization-logo\"},\"image\":{\"@id\":\"https:\\\/\\\/www.bijdeboefjes.nl\\\/de\\\/aktivitaten\\\/culinair#local-main-organization-logo\"},\"sameAs\":[\"https:\\\/\\\/www.facebook.com\\\/bijdeboefjes\\\/\",\"https:\\\/\\\/www.instagram.com\\\/bijdeboefjes\\\/?hl=nl\",\"https:\\\/\\\/www.linkedin.com\\\/in\\\/jan-wietse-fokkema-16514729\\\/\",\"https:\\\/\\\/www.linkedin.com\\\/in\\\/gea-messchendorp-4060\"],\"address\":{\"@id\":\"https:\\\/\\\/www.bijdeboefjes.nl\\\/de\\\/aktivitaten\\\/culinair#local-main-place-address\"},\"geo\":{\"@type\":\"GeoCoordinates\",\"latitude\":\"53.022266660330665\",\"longitude\":\"6.44366787823392\"},\"telephone\":[\"+316 21 99 83 87\"],\"openingHoursSpecification\":[{\"@type\":\"OpeningHoursSpecification\",\"dayOfWeek\":[\"Monday\",\"Tuesday\",\"Wednesday\",\"Thursday\",\"Friday\",\"Saturday\",\"Sunday\"],\"opens\":\"09:00\",\"closes\":\"17:00\"}],\"email\":\"info@bijdeboefjes.nl\",\"areaServed\":\"nederland\",\"vatID\":\"862471539B01\",\"priceRange\":\"$$$\",\"currenciesAccepted\":\"euro\"},{\"@type\":\"PostalAddress\",\"@id\":\"https:\\\/\\\/www.bijdeboefjes.nl\\\/de\\\/aktivitaten\\\/culinair#local-main-place-address\",\"streetAddress\":\"De Fledders 10\",\"addressLocality\":\"Zuidvelde\",\"postalCode\":\"9335 TH\",\"addressRegion\":\"Drenthe\",\"addressCountry\":\"NL\"},{\"@type\":\"ImageObject\",\"inLanguage\":\"de\",\"@id\":\"https:\\\/\\\/www.bijdeboefjes.nl\\\/de\\\/aktivitaten\\\/culinair#local-main-organization-logo\",\"url\":\"https:\\\/\\\/www.bijdeboefjes.nl\\\/wp-content\\\/uploads\\\/2024\\\/08\\\/groepsaccommodatie-bijdeboefjes.png\",\"contentUrl\":\"https:\\\/\\\/www.bijdeboefjes.nl\\\/wp-content\\\/uploads\\\/2024\\\/08\\\/groepsaccommodatie-bijdeboefjes.png\",\"width\":261,\"height\":88,\"caption\":\"Bij de boefjes\"}]}<\/script>\n<meta name=\"geo.placename\" content=\"Zuidvelde\" \/>\n<meta name=\"geo.position\" content=\"53.022266660330665;6.44366787823392\" \/>\n<meta name=\"geo.region\" content=\"Niederlande\" \/>\n<!-- \/ Yoast SEO plugin. -->","yoast_head_json":{"title":"Kulinarisches - Luxe groepsaccommodatie Drenthe","robots":{"index":"index","follow":"follow","max-snippet":"max-snippet:-1","max-image-preview":"max-image-preview:large","max-video-preview":"max-video-preview:-1"},"canonical":"https:\/\/www.bijdeboefjes.nl\/de\/aktivitaten\/culinair","og_locale":"de_DE","og_type":"article","og_title":"Kulinarisches - Luxe groepsaccommodatie Drenthe","og_description":"Unsere gro\u00dfe K\u00fcche ist mit jeglichem Komfort ausgestattet. Hier k\u00f6nnt ihr wunderbar zusammen kochen. Keine Lust, selbst am Herd zu stehen? Wir haben ein ausgezeichnetes Netzwerk mit Catering-Unternehmen und Privatk\u00f6chen, die sowohl f\u00fcr Buffets als auch f\u00fcr Mahlzeiten sorgen k\u00f6nnen. Erkundigt euch ganz unverbindlich nach den M\u00f6glichkeiten. In der direkten Umgebung gibt es viele interessante [&hellip;]","og_url":"https:\/\/www.bijdeboefjes.nl\/de\/aktivitaten\/culinair","og_site_name":"Luxe groepsaccommodatie Drenthe","article_publisher":"https:\/\/www.facebook.com\/bijdeboefjes\/","article_modified_time":"2024-03-19T10:40:57+00:00","og_image":[{"width":1224,"height":918,"url":"https:\/\/www.bijdeboefjes.nl\/wp-content\/uploads\/2024\/01\/maallust-veenhuizen.jpg","type":"image\/jpeg"}],"twitter_card":"summary_large_image","twitter_misc":{"Gesch\u00e4tzte Lesezeit":"1\u00a0Minute"},"schema":{"@context":"https:\/\/schema.org","@graph":[{"@type":"WebPage","@id":"https:\/\/www.bijdeboefjes.nl\/de\/aktivitaten\/culinair","url":"https:\/\/www.bijdeboefjes.nl\/de\/aktivitaten\/culinair","name":"Kulinarisches - Luxe groepsaccommodatie Drenthe","isPartOf":{"@id":"https:\/\/www.bijdeboefjes.nl\/de#website"},"primaryImageOfPage":{"@id":"https:\/\/www.bijdeboefjes.nl\/de\/aktivitaten\/culinair#primaryimage"},"image":{"@id":"https:\/\/www.bijdeboefjes.nl\/de\/aktivitaten\/culinair#primaryimage"},"thumbnailUrl":"https:\/\/www.bijdeboefjes.nl\/wp-content\/uploads\/2024\/01\/maallust-veenhuizen.jpg","datePublished":"2024-01-12T10:34:01+00:00","dateModified":"2024-03-19T10:40:57+00:00","breadcrumb":{"@id":"https:\/\/www.bijdeboefjes.nl\/de\/aktivitaten\/culinair#breadcrumb"},"inLanguage":"de","potentialAction":[{"@type":"ReadAction","target":["https:\/\/www.bijdeboefjes.nl\/de\/aktivitaten\/culinair"]}]},{"@type":"ImageObject","inLanguage":"de","@id":"https:\/\/www.bijdeboefjes.nl\/de\/aktivitaten\/culinair#primaryimage","url":"https:\/\/www.bijdeboefjes.nl\/wp-content\/uploads\/2024\/01\/maallust-veenhuizen.jpg","contentUrl":"https:\/\/www.bijdeboefjes.nl\/wp-content\/uploads\/2024\/01\/maallust-veenhuizen.jpg","width":1224,"height":918,"caption":"vergaderen met eten en drinken"},{"@type":"BreadcrumbList","@id":"https:\/\/www.bijdeboefjes.nl\/de\/aktivitaten\/culinair#breadcrumb","itemListElement":[{"@type":"ListItem","position":1,"name":"Home","item":"https:\/\/www.bijdeboefjes.nl\/de"},{"@type":"ListItem","position":2,"name":"Was kann man alles unternehmen?","item":"https:\/\/www.bijdeboefjes.nl\/de\/aktivitaten"},{"@type":"ListItem","position":3,"name":"Kulinarisches"}]},{"@type":"WebSite","@id":"https:\/\/www.bijdeboefjes.nl\/de#website","url":"https:\/\/www.bijdeboefjes.nl\/de","name":"Bij de boefjes","description":"groepsaccommodatie","publisher":{"@id":"https:\/\/www.bijdeboefjes.nl\/de#organization"},"potentialAction":[{"@type":"SearchAction","target":{"@type":"EntryPoint","urlTemplate":"https:\/\/www.bijdeboefjes.nl\/de?s={search_term_string}"},"query-input":{"@type":"PropertyValueSpecification","valueRequired":true,"valueName":"search_term_string"}}],"inLanguage":"de"},{"@type":["Organization","Place","LodgingBusiness"],"@id":"https:\/\/www.bijdeboefjes.nl\/de#organization","name":"Bij de boefjes","alternateName":"Groepsaccommodatie","url":"https:\/\/www.bijdeboefjes.nl\/de","logo":{"@id":"https:\/\/www.bijdeboefjes.nl\/de\/aktivitaten\/culinair#local-main-organization-logo"},"image":{"@id":"https:\/\/www.bijdeboefjes.nl\/de\/aktivitaten\/culinair#local-main-organization-logo"},"sameAs":["https:\/\/www.facebook.com\/bijdeboefjes\/","https:\/\/www.instagram.com\/bijdeboefjes\/?hl=nl","https:\/\/www.linkedin.com\/in\/jan-wietse-fokkema-16514729\/","https:\/\/www.linkedin.com\/in\/gea-messchendorp-4060"],"address":{"@id":"https:\/\/www.bijdeboefjes.nl\/de\/aktivitaten\/culinair#local-main-place-address"},"geo":{"@type":"GeoCoordinates","latitude":"53.022266660330665","longitude":"6.44366787823392"},"telephone":["+316 21 99 83 87"],"openingHoursSpecification":[{"@type":"OpeningHoursSpecification","dayOfWeek":["Monday","Tuesday","Wednesday","Thursday","Friday","Saturday","Sunday"],"opens":"09:00","closes":"17:00"}],"email":"info@bijdeboefjes.nl","areaServed":"nederland","vatID":"862471539B01","priceRange":"$$$","currenciesAccepted":"euro"},{"@type":"PostalAddress","@id":"https:\/\/www.bijdeboefjes.nl\/de\/aktivitaten\/culinair#local-main-place-address","streetAddress":"De Fledders 10","addressLocality":"Zuidvelde","postalCode":"9335 TH","addressRegion":"Drenthe","addressCountry":"NL"},{"@type":"ImageObject","inLanguage":"de","@id":"https:\/\/www.bijdeboefjes.nl\/de\/aktivitaten\/culinair#local-main-organization-logo","url":"https:\/\/www.bijdeboefjes.nl\/wp-content\/uploads\/2024\/08\/groepsaccommodatie-bijdeboefjes.png","contentUrl":"https:\/\/www.bijdeboefjes.nl\/wp-content\/uploads\/2024\/08\/groepsaccommodatie-bijdeboefjes.png","width":261,"height":88,"caption":"Bij de boefjes"}]},"geo.placename":"Zuidvelde","geo.position":{"lat":"53.022266660330665","long":"6.44366787823392"},"geo.region":"Niederlande"},"featured_image_src":"https:\/\/www.bijdeboefjes.nl\/wp-content\/uploads\/2024\/01\/maallust-veenhuizen-600x400.jpg","featured_image_src_square":"https:\/\/www.bijdeboefjes.nl\/wp-content\/uploads\/2024\/01\/maallust-veenhuizen-600x600.jpg","_links":{"self":[{"href":"https:\/\/www.bijdeboefjes.nl\/de\/wp-json\/wp\/v2\/pages\/1747","targetHints":{"allow":["GET"]}}],"collection":[{"href":"https:\/\/www.bijdeboefjes.nl\/de\/wp-json\/wp\/v2\/pages"}],"about":[{"href":"https:\/\/www.bijdeboefjes.nl\/de\/wp-json\/wp\/v2\/types\/page"}],"author":[{"embeddable":true,"href":"https:\/\/www.bijdeboefjes.nl\/de\/wp-json\/wp\/v2\/users\/1"}],"replies":[{"embeddable":true,"href":"https:\/\/www.bijdeboefjes.nl\/de\/wp-json\/wp\/v2\/comments?post=1747"}],"version-history":[{"count":1,"href":"https:\/\/www.bijdeboefjes.nl\/de\/wp-json\/wp\/v2\/pages\/1747\/revisions"}],"predecessor-version":[{"id":1749,"href":"https:\/\/www.bijdeboefjes.nl\/de\/wp-json\/wp\/v2\/pages\/1747\/revisions\/1749"}],"up":[{"embeddable":true,"href":"https:\/\/www.bijdeboefjes.nl\/de\/wp-json\/wp\/v2\/pages\/1729"}],"wp:featuredmedia":[{"embeddable":true,"href":"https:\/\/www.bijdeboefjes.nl\/de\/wp-json\/wp\/v2\/media\/1508"}],"wp:attachment":[{"href":"https:\/\/www.bijdeboefjes.nl\/de\/wp-json\/wp\/v2\/media?parent=1747"}],"curies":[{"name":"wp","href":"https:\/\/api.w.org\/{rel}","templated":true}]}}