{"id":1713,"date":"2024-01-09T10:50:18","date_gmt":"2024-01-09T10:50:18","guid":{"rendered":"https:\/\/bijdeboefjes.karisimbi.nl\/luxe-groepsaccommodatie-familieweekend"},"modified":"2024-04-19T12:57:03","modified_gmt":"2024-04-19T12:57:03","slug":"gruppenunterkunft-16-personen","status":"publish","type":"page","link":"https:\/\/www.bijdeboefjes.nl\/de\/gruppenunterkunft-16-personen","title":{"rendered":"Gruppenunterkunft f\u00fcr Familie und Freunde"},"content":{"rendered":"\n<p id=\"u24231-5\">Die Gruppenunterkunft besteht aus mehreren R\u00e4umen im Erdgeschoss und sieben Schlafzimmern im Obergeschoss.<\/p>\n\n\n\n<ul class=\"wp-block-list\">\n<li>Gruppenunterkunft f\u00fcr 16 Personen (einschl. Studio f\u00fcr 2 Personen)<\/li>\n\n\n\n<li>Eingangsbereich mit Garderobe, zwei Toiletten und eine Dusche<\/li>\n\n\n\n<li>Stilvoller, gro\u00dfz\u00fcgiger Wohnbereich mit gem\u00fctlicher Sitzecke\/Lounge<\/li>\n\n\n\n<li>Schiebet\u00fcren \u00f6ffnen sich zu den Terrassen im Osten, S\u00fcden und Westen<\/li>\n\n\n\n<li>K\u00fcche mit 5 Induktionskochfeldern, Mikrowelle, Backofen und <br>Geschirrsp\u00fcler<\/li>\n\n\n\n<li>2 gro\u00dfen K\u00fchlschr\u00e4nken (einer davon mit Tiefk\u00fchlfach)<\/li>\n\n\n\n<li>Luxus-K\u00fccheninsel, an der alle beim Kochen mithelfen k\u00f6nnen<\/li>\n\n\n\n<li>Gem\u00fctliche Bar und Lounge direkt neben der K\u00fcche und dem zentralen Esszimmer\/Aufenthaltsraum<\/li>\n\n\n\n<li>Spielecke f\u00fcr Kinder samt Spielzeug, Spielen und Filmen<\/li>\n\n\n\n<li>Outdoor-K\u00fcche mit Feuerstelle (im Bau)<\/li>\n\n\n\n<li>Kostenlose Parkpl\u00e4tze und Stellpl\u00e4tze f\u00fcr Fahrr\u00e4der auf eigenem Grundst\u00fcck<\/li>\n\n\n\n<li>Kostenloses WLAN (Glasfaser)<\/li>\n<\/ul>\n\n\n\n<div style=\"height:20px\" aria-hidden=\"true\" class=\"wp-block-spacer\"><\/div>\n\n\n\n<div class=\"wp-block-genesis-blocks-gb-columns gb-slate-section-feature-image-and-text-columns gb-slate-section-feature-image-columns gb-layout-columns-1 one-column has-white-background-color gb-has-custom-text-color gb-columns-center alignfull\" style=\"padding-right:1em;padding-left:1em;color:#1f1f1f\"><div class=\"gb-layout-column-wrap gb-block-layout-column-gap-2 gb-is-responsive-column\" style=\"max-width:1224px\">\n<div class=\"wp-block-genesis-blocks-gb-column tweede_rij gb-block-layout-column\"><div class=\"gb-block-layout-column-inner\">\n<div class=\"wp-block-genesis-blocks-gb-columns gb-layout-columns-2 gb-2-col-equal gb-has-custom-background-color\" style=\"background-color:#dfe3db\"><div class=\"gb-layout-column-wrap gb-block-layout-column-gap-0 gb-is-responsive-column\">\n<div class=\"wp-block-genesis-blocks-gb-column gb-block-layout-column gb-is-vertically-aligned-center\"><div class=\"gb-block-layout-column-inner\">\n<h3 class=\"wp-block-heading inblok has-larger-font-size\">Erdgeschoss<\/h3>\n\n\n\n<p class=\"inblok\">Im Erdgeschoss befindet sich ein Studio f\u00fcr zwei Personen mit eigener K\u00fcchenzeile und einem rollstuhlgerechten Badezimmer mit Dusche und WC. Dieses Studio mit eigenem Eingang und eigener Terrasse kann separat (als B&amp;B) gebucht werden, wenn die Gruppenunterkunft nicht vermietet ist.<\/p>\n\n\n\n<div class=\"wp-block-buttons inblok is-layout-flex wp-block-buttons-is-layout-flex\">\n<div class=\"wp-block-button\"><a class=\"wp-block-button__link has-text-color has-background has-link-color wp-element-button\" href=\"https:\/\/www.bijdeboefjes.nl\/wp-content\/uploads\/2024\/03\/Groepsaccommodatie-bijdeboefjes.pdf\" style=\"border-radius:0px;color:#ffffff;background-color:#e9530d\" target=\"_blank\" rel=\"noreferrer noopener\">Grundriss<\/a><\/div>\n<\/div>\n<\/div><\/div>\n\n\n\n<div class=\"wp-block-genesis-blocks-gb-column gb-block-layout-column\"><div class=\"gb-block-layout-column-inner gb-has-custom-background-color\" style=\"background-color:#e7e7e2\">\n<figure class=\"wp-block-image size-full\"><img loading=\"lazy\" decoding=\"async\" width=\"1000\" height=\"649\" src=\"https:\/\/www.bijdeboefjes.nl\/wp-content\/uploads\/2024\/01\/9.jpg\" alt=\"\" class=\"wp-image-530\" style=\"aspect-ratio:1;object-fit:cover\" srcset=\"https:\/\/www.bijdeboefjes.nl\/wp-content\/uploads\/2024\/01\/9.jpg 1000w, https:\/\/www.bijdeboefjes.nl\/wp-content\/uploads\/2024\/01\/9-300x195.jpg 300w, https:\/\/www.bijdeboefjes.nl\/wp-content\/uploads\/2024\/01\/9-768x498.jpg 768w\" sizes=\"auto, (max-width: 1000px) 100vw, 1000px\" \/><\/figure>\n<\/div><\/div>\n<\/div><\/div>\n<\/div><\/div>\n<\/div><\/div>\n\n\n\n<div class=\"wp-block-genesis-blocks-gb-columns gb-slate-section-feature-image-and-text-columns gb-slate-section-feature-image-columns gb-layout-columns-1 one-column has-white-background-color gb-has-custom-text-color gb-columns-center alignfull\" style=\"padding-right:1em;padding-left:1em;color:#1f1f1f\"><div class=\"gb-layout-column-wrap gb-block-layout-column-gap-2 gb-is-responsive-column\" style=\"max-width:1224px\">\n<div class=\"wp-block-genesis-blocks-gb-column tweede_rij gb-block-layout-column\"><div class=\"gb-block-layout-column-inner\">\n<div class=\"wp-block-genesis-blocks-gb-columns gb-layout-columns-2 gb-2-col-equal gb-has-custom-background-color\" style=\"background-color:#dfe3db\"><div class=\"gb-layout-column-wrap gb-block-layout-column-gap-0 gb-is-responsive-column\">\n<div class=\"wp-block-genesis-blocks-gb-column gb-block-layout-column\"><div class=\"gb-block-layout-column-inner gb-has-custom-background-color\" style=\"background-color:#e7e7e2\">\n<figure class=\"wp-block-image size-full\"><img loading=\"lazy\" decoding=\"async\" width=\"1000\" height=\"762\" src=\"https:\/\/www.bijdeboefjes.nl\/wp-content\/uploads\/2024\/01\/10.jpg\" alt=\"\" class=\"wp-image-541\" style=\"aspect-ratio:1;object-fit:cover\" srcset=\"https:\/\/www.bijdeboefjes.nl\/wp-content\/uploads\/2024\/01\/10.jpg 1000w, https:\/\/www.bijdeboefjes.nl\/wp-content\/uploads\/2024\/01\/10-300x229.jpg 300w, https:\/\/www.bijdeboefjes.nl\/wp-content\/uploads\/2024\/01\/10-768x585.jpg 768w\" sizes=\"auto, (max-width: 1000px) 100vw, 1000px\" \/><\/figure>\n<\/div><\/div>\n\n\n\n<div class=\"wp-block-genesis-blocks-gb-column gb-block-layout-column gb-is-vertically-aligned-center\"><div class=\"gb-block-layout-column-inner\">\n<h3 class=\"wp-block-heading inblok has-larger-font-size\">Obergeschoss<\/h3>\n\n\n\n<p class=\"inblok\" id=\"u45263-5\">Das Obergeschoss steht durch die zentrale Galerie mit dem Erdgeschoss in Verbindung. Durch die Dachfenster hoch oben im Dachfirst blickt man von dort aus hinauf in den Himmel. Rund um die Galerie sind sieben Schlafzimmer f\u00fcr je zwei Personen angeordnet.<\/p>\n\n\n\n<p class=\"inblok\" id=\"u45263-9\">Sie sind allesamt mit komfortablen Boxspring-Einzelbetten ausgestattet. Einige Zimmer sind so ger\u00e4umig, dass sich ein (Kinder-) Bett hinzustellen l\u00e4sst. Vier Schlafzimmer verf\u00fcgen \u00fcber eigenes Sanit\u00e4r (WC und Dusche). Die G\u00e4ste der anderen Schlafzimmer nutzen das gemeinsame Badezimmer im Obergeschoss (einschl. Badewanne) oder die Toiletten und die Dusche im Erdgeschoss.<\/p>\n\n\n\n<div class=\"wp-block-buttons inblok is-layout-flex wp-block-buttons-is-layout-flex\">\n<div class=\"wp-block-button\"><a class=\"wp-block-button__link has-text-color has-background has-link-color wp-element-button\" href=\"https:\/\/www.bijdeboefjes.nl\/wp-content\/uploads\/2024\/03\/verdieping.pdf\" style=\"border-radius:0px;color:#ffffff;background-color:#e9530d\" target=\"_blank\" rel=\"noreferrer noopener\">Grundriss<\/a><\/div>\n<\/div>\n<\/div><\/div>\n<\/div><\/div>\n<\/div><\/div>\n<\/div><\/div>\n\n\n\n<div class=\"wp-block-genesis-blocks-gb-columns gb-slate-section-feature-image-and-text-columns gb-slate-section-feature-image-columns gb-layout-columns-1 one-column has-white-background-color gb-has-custom-text-color gb-columns-center alignfull\" style=\"padding-right:1em;padding-left:1em;color:#1f1f1f\"><div class=\"gb-layout-column-wrap gb-block-layout-column-gap-2 gb-is-responsive-column\" style=\"max-width:1224px\">\n<div class=\"wp-block-genesis-blocks-gb-column tweede_rij gb-block-layout-column\"><div class=\"gb-block-layout-column-inner\">\n<div class=\"wp-block-genesis-blocks-gb-columns gb-layout-columns-2 gb-2-col-equal gb-has-custom-background-color\" style=\"background-color:#dfe3db\"><div class=\"gb-layout-column-wrap gb-block-layout-column-gap-0 gb-is-responsive-column\">\n<div class=\"wp-block-genesis-blocks-gb-column gb-block-layout-column gb-is-vertically-aligned-center\"><div class=\"gb-block-layout-column-inner\">\n<h3 class=\"wp-block-heading inblok has-larger-font-size\">Wohnwagen: (f\u00fcr max. 2 Personen) <\/h3>\n\n\n\n<p class=\"inblok\"><em>Zus\u00e4tzlich zu mieten<\/em><\/p>\n\n\n\n<p class=\"inblok\" id=\"u45267-8\">In der \u00e4u\u00dfersten Nordwest-Ecke des Grundst\u00fccks steht unser stilechter Wohnwagen, den wir eigenh\u00e4ndig ausgebaut haben. Er ist ideal f\u00fcr zus\u00e4tzliche G\u00e4ste beim Wochenende mit Freunden oder Verwandten.<\/p>\n\n\n\n<p class=\"inblok\" id=\"u45267-11\">In diesem gut isolierten Wagen mit komfortablem, gro\u00dfem Bett mit elektrisch verstellbaren Lattenrosten gibt es sogar eine kleine, aber komplette K\u00fcche. Ein wunderbarer Ort zum Wohlf\u00fchlen mit einer eigenen, gro\u00dfz\u00fcgigen Terrasse, wo man am w\u00e4rmenden Feuer die Sonne untergehen sieht. Toilette und Dusche befinden sich in der benachbarten Gruppenunterkunft.<\/p>\n<\/div><\/div>\n\n\n\n<div class=\"wp-block-genesis-blocks-gb-column gb-block-layout-column\"><div class=\"gb-block-layout-column-inner gb-has-custom-background-color\" style=\"background-color:#e7e7e2\">\n<figure class=\"wp-block-image size-full\"><img loading=\"lazy\" decoding=\"async\" width=\"1350\" height=\"680\" src=\"https:\/\/www.bijdeboefjes.nl\/wp-content\/uploads\/2024\/01\/02-carr-ww-met-tafel-zijaanzicht-crop-u26107.jpg\" alt=\"\" class=\"wp-image-558\" style=\"aspect-ratio:1;object-fit:cover\" srcset=\"https:\/\/www.bijdeboefjes.nl\/wp-content\/uploads\/2024\/01\/02-carr-ww-met-tafel-zijaanzicht-crop-u26107.jpg 1350w, https:\/\/www.bijdeboefjes.nl\/wp-content\/uploads\/2024\/01\/02-carr-ww-met-tafel-zijaanzicht-crop-u26107-300x151.jpg 300w, https:\/\/www.bijdeboefjes.nl\/wp-content\/uploads\/2024\/01\/02-carr-ww-met-tafel-zijaanzicht-crop-u26107-1024x516.jpg 1024w, https:\/\/www.bijdeboefjes.nl\/wp-content\/uploads\/2024\/01\/02-carr-ww-met-tafel-zijaanzicht-crop-u26107-768x387.jpg 768w\" sizes=\"auto, (max-width: 1350px) 100vw, 1350px\" \/><\/figure>\n<\/div><\/div>\n<\/div><\/div>\n<\/div><\/div>\n<\/div><\/div>\n\n\n\n<div class=\"wp-block-genesis-blocks-gb-columns gb-slate-section-blog-posts gpb-slate-section-blog-posts onderkant_homepage_blok gb-layout-columns-3 gb-3-col-equal has-white-background-color gb-has-custom-text-color gb-columns-center alignfull\" style=\"margin-top:30px;padding-right:1em;padding-left:1em;color:#1f1f1f\"><div class=\"gb-layout-column-wrap gb-block-layout-column-gap-2 gb-is-responsive-column\" style=\"max-width:1224px\">\n<div class=\"wp-block-genesis-blocks-gb-column achtergrond_derde_rij gb-block-layout-column\"><div class=\"gb-block-layout-column-inner gb-has-custom-background-color\" style=\"background-color:#dfe3db\">\n<figure class=\"wp-block-image size-full\"><img loading=\"lazy\" decoding=\"async\" width=\"600\" height=\"450\" src=\"https:\/\/www.bijdeboefjes.nl\/wp-content\/uploads\/2024\/01\/binnen.jpg\" alt=\"\" class=\"wp-image-596\" style=\"aspect-ratio:4\/3;object-fit:cover\" srcset=\"https:\/\/www.bijdeboefjes.nl\/wp-content\/uploads\/2024\/01\/binnen.jpg 600w, https:\/\/www.bijdeboefjes.nl\/wp-content\/uploads\/2024\/01\/binnen-300x225.jpg 300w\" sizes=\"auto, (max-width: 600px) 100vw, 600px\" \/><\/figure>\n\n\n\n<h3 class=\"wp-block-heading inblok\">Interieur<\/h3>\n\n\n\n<p class=\"inblok\">Im Erdgeschoss befinden sich ein ger\u00e4umiger, stilvoller Wohnbereich, ein langer, zentraler Aufenthaltsraum mit viel Tageslicht, eine komplett ausgestattete K\u00fcche sowie eine gem\u00fctliche Bar mit Lounge. Durch die hohen Glast\u00fcren blickt man auf die umliegenden Wiesen. Auch das Studio ist vom Erdgeschoss aus zug\u00e4nglich. Es hat einen eigenen Eingang und eine eigene K\u00fcche, verf\u00fcgt \u00fcber eine Behindertentoilette\/Dusche und eine Terrasse. Ausgesprochen praktisch, wenn Oma und Opa mit von der Partie sind!<\/p>\n\n\n\n<div style=\"height:10px\" aria-hidden=\"true\" class=\"wp-block-spacer\"><\/div>\n<\/div><\/div>\n\n\n\n<div class=\"wp-block-genesis-blocks-gb-column achtergrond_derde_rij gb-block-layout-column\"><div class=\"gb-block-layout-column-inner gb-has-custom-background-color\" style=\"background-color:#dfe3db\">\n<figure class=\"wp-block-image size-full\"><img loading=\"lazy\" decoding=\"async\" width=\"600\" height=\"449\" src=\"https:\/\/www.bijdeboefjes.nl\/wp-content\/uploads\/2024\/01\/zakelijk-overnachten-1.jpg\" alt=\"\" class=\"wp-image-578\" style=\"aspect-ratio:4\/3;object-fit:cover\" srcset=\"https:\/\/www.bijdeboefjes.nl\/wp-content\/uploads\/2024\/01\/zakelijk-overnachten-1.jpg 600w, https:\/\/www.bijdeboefjes.nl\/wp-content\/uploads\/2024\/01\/zakelijk-overnachten-1-300x225.jpg 300w\" sizes=\"auto, (max-width: 600px) 100vw, 600px\" \/><\/figure>\n\n\n\n<h3 class=\"wp-block-heading inblok\">Obergeschoss<\/h3>\n\n\n\n<p class=\"inblok\">Die Schlafzimmer im Obergeschoss sind alle im Stil einer Kunstdisziplin eingerichtet.<\/p>\n\n\n\n<p class=\"inblok\">Es gibt zum Beispiel ein Theaterzimmer mit viel Rot, ein Musikzimmer (wo ein Plattenspieler gute Dienste leistet), ein Designzimmer und ein Foto- und Filmzimmer. Lasst euch von der abwechslungsreichen Einrichtung \u00fcberraschen.<\/p>\n\n\n\n<div style=\"height:10px\" aria-hidden=\"true\" class=\"wp-block-spacer\"><\/div>\n<\/div><\/div>\n\n\n\n<div class=\"wp-block-genesis-blocks-gb-column achtergrond_derde_rij gb-block-layout-column\"><div class=\"gb-block-layout-column-inner gb-has-custom-background-color\" style=\"background-color:#dfe3db\">\n<figure class=\"wp-block-image size-full\"><img loading=\"lazy\" decoding=\"async\" width=\"600\" height=\"337\" src=\"https:\/\/www.bijdeboefjes.nl\/wp-content\/uploads\/2024\/01\/buiten.jpg\" alt=\"\" class=\"wp-image-597\" style=\"aspect-ratio:4\/3;object-fit:cover\" srcset=\"https:\/\/www.bijdeboefjes.nl\/wp-content\/uploads\/2024\/01\/buiten.jpg 600w, https:\/\/www.bijdeboefjes.nl\/wp-content\/uploads\/2024\/01\/buiten-300x169.jpg 300w\" sizes=\"auto, (max-width: 600px) 100vw, 600px\" \/><\/figure>\n\n\n\n<h3 class=\"wp-block-heading inblok\">Au\u00dfenbereich<\/h3>\n\n\n\n<p class=\"inblok\">Das Grundst\u00fcck ist fantasievoll aufgeteilt, bietet eine sch\u00f6ne Aussicht auf das Umland und hat viele gem\u00fctliche Ecken: Entdeckt einfach eure Lieblingspl\u00e4tze! Au\u00dferdem gibt es zwei Terrassen \u2013 f\u00fcr ein Fr\u00fchst\u00fcck in geselliger Runde oder f\u00fcrs Miterleben des fotogenen Sonnenuntergangs.<\/p>\n\n\n\n<div style=\"height:10px\" aria-hidden=\"true\" class=\"wp-block-spacer\"><\/div>\n<\/div><\/div>\n<\/div><\/div>\n","protected":false},"excerpt":{"rendered":"<p>Die Gruppenunterkunft besteht aus mehreren R\u00e4umen im Erdgeschoss und sieben Schlafzimmern im Obergeschoss.<\/p>\n","protected":false},"author":1,"featured_media":0,"parent":0,"menu_order":0,"comment_status":"closed","ping_status":"closed","template":"","meta":{"_genesis_hide_title":false,"_genesis_hide_breadcrumbs":false,"_genesis_hide_singular_image":false,"_genesis_hide_footer_widgets":false,"_genesis_custom_body_class":"","_genesis_custom_post_class":"","_genesis_layout":"full-width-content","ngg_post_thumbnail":0,"footnotes":""},"class_list":{"0":"post-1713","1":"page","2":"type-page","3":"status-publish","5":"entry"},"yoast_head":"<!-- This site is optimized with the Yoast SEO plugin v27.1.1 - https:\/\/yoast.com\/product\/yoast-seo-wordpress\/ -->\n<title>Gruppenunterkunft f\u00fcr Familie und Freunde<\/title>\n<meta name=\"robots\" content=\"index, follow, max-snippet:-1, max-image-preview:large, max-video-preview:-1\" \/>\n<link rel=\"canonical\" href=\"https:\/\/www.bijdeboefjes.nl\/de\/gruppenunterkunft-16-personen\" \/>\n<meta property=\"og:locale\" content=\"de_DE\" \/>\n<meta property=\"og:type\" content=\"article\" \/>\n<meta property=\"og:title\" content=\"Gruppenunterkunft f\u00fcr Familie und Freunde\" \/>\n<meta property=\"og:description\" content=\"Die Gruppenunterkunft besteht aus mehreren R\u00e4umen im Erdgeschoss und sieben Schlafzimmern im Obergeschoss.\" \/>\n<meta property=\"og:url\" content=\"https:\/\/www.bijdeboefjes.nl\/de\/gruppenunterkunft-16-personen\" \/>\n<meta property=\"og:site_name\" content=\"Luxe groepsaccommodatie Drenthe\" \/>\n<meta property=\"article:publisher\" content=\"https:\/\/www.facebook.com\/bijdeboefjes\/\" \/>\n<meta property=\"article:modified_time\" content=\"2024-04-19T12:57:03+00:00\" \/>\n<meta property=\"og:image\" content=\"https:\/\/www.bijdeboefjes.nl\/wp-content\/uploads\/2024\/01\/9.jpg\" \/>\n<meta name=\"twitter:card\" content=\"summary_large_image\" \/>\n<meta name=\"twitter:label1\" content=\"Gesch\u00e4tzte Lesezeit\" \/>\n\t<meta name=\"twitter:data1\" content=\"4\u00a0Minuten\" \/>\n<script type=\"application\/ld+json\" class=\"yoast-schema-graph\">{\"@context\":\"https:\/\/schema.org\",\"@graph\":[{\"@type\":\"WebPage\",\"@id\":\"https:\/\/www.bijdeboefjes.nl\/de\/gruppenunterkunft-16-personen\",\"url\":\"https:\/\/www.bijdeboefjes.nl\/de\/gruppenunterkunft-16-personen\",\"name\":\"Gruppenunterkunft f\u00fcr Familie und Freunde\",\"isPartOf\":{\"@id\":\"https:\/\/www.bijdeboefjes.nl\/de#website\"},\"primaryImageOfPage\":{\"@id\":\"https:\/\/www.bijdeboefjes.nl\/de\/gruppenunterkunft-16-personen#primaryimage\"},\"image\":{\"@id\":\"https:\/\/www.bijdeboefjes.nl\/de\/gruppenunterkunft-16-personen#primaryimage\"},\"thumbnailUrl\":\"https:\/\/www.bijdeboefjes.nl\/wp-content\/uploads\/2024\/01\/9.jpg\",\"datePublished\":\"2024-01-09T10:50:18+00:00\",\"dateModified\":\"2024-04-19T12:57:03+00:00\",\"breadcrumb\":{\"@id\":\"https:\/\/www.bijdeboefjes.nl\/de\/gruppenunterkunft-16-personen#breadcrumb\"},\"inLanguage\":\"de\",\"potentialAction\":[{\"@type\":\"ReadAction\",\"target\":[\"https:\/\/www.bijdeboefjes.nl\/de\/gruppenunterkunft-16-personen\"]}]},{\"@type\":\"ImageObject\",\"inLanguage\":\"de\",\"@id\":\"https:\/\/www.bijdeboefjes.nl\/de\/gruppenunterkunft-16-personen#primaryimage\",\"url\":\"https:\/\/www.bijdeboefjes.nl\/wp-content\/uploads\/2024\/01\/9.jpg\",\"contentUrl\":\"https:\/\/www.bijdeboefjes.nl\/wp-content\/uploads\/2024\/01\/9.jpg\"},{\"@type\":\"BreadcrumbList\",\"@id\":\"https:\/\/www.bijdeboefjes.nl\/de\/gruppenunterkunft-16-personen#breadcrumb\",\"itemListElement\":[{\"@type\":\"ListItem\",\"position\":1,\"name\":\"Home\",\"item\":\"https:\/\/www.bijdeboefjes.nl\/de\"},{\"@type\":\"ListItem\",\"position\":2,\"name\":\"Gruppenunterkunft f\u00fcr Familie und Freunde\"}]},{\"@type\":\"WebSite\",\"@id\":\"https:\/\/www.bijdeboefjes.nl\/de#website\",\"url\":\"https:\/\/www.bijdeboefjes.nl\/de\",\"name\":\"Bij de boefjes\",\"description\":\"groepsaccommodatie\",\"publisher\":{\"@id\":\"https:\/\/www.bijdeboefjes.nl\/de#organization\"},\"potentialAction\":[{\"@type\":\"SearchAction\",\"target\":{\"@type\":\"EntryPoint\",\"urlTemplate\":\"https:\/\/www.bijdeboefjes.nl\/de?s={search_term_string}\"},\"query-input\":{\"@type\":\"PropertyValueSpecification\",\"valueRequired\":true,\"valueName\":\"search_term_string\"}}],\"inLanguage\":\"de\"},{\"@type\":[\"Organization\",\"Place\",\"LodgingBusiness\"],\"@id\":\"https:\/\/www.bijdeboefjes.nl\/de#organization\",\"name\":\"Bij de boefjes\",\"alternateName\":\"Groepsaccommodatie\",\"url\":\"https:\/\/www.bijdeboefjes.nl\/de\",\"logo\":{\"@id\":\"https:\/\/www.bijdeboefjes.nl\/de\/gruppenunterkunft-16-personen#local-main-organization-logo\"},\"image\":{\"@id\":\"https:\/\/www.bijdeboefjes.nl\/de\/gruppenunterkunft-16-personen#local-main-organization-logo\"},\"sameAs\":[\"https:\/\/www.facebook.com\/bijdeboefjes\/\",\"https:\/\/www.instagram.com\/bijdeboefjes\/?hl=nl\",\"https:\/\/www.linkedin.com\/in\/jan-wietse-fokkema-16514729\/\",\"https:\/\/www.linkedin.com\/in\/gea-messchendorp-4060\"],\"address\":{\"@id\":\"https:\/\/www.bijdeboefjes.nl\/de\/gruppenunterkunft-16-personen#local-main-place-address\"},\"geo\":{\"@type\":\"GeoCoordinates\",\"latitude\":\"53.022266660330665\",\"longitude\":\"6.44366787823392\"},\"telephone\":[\"+316 21 99 83 87\"],\"openingHoursSpecification\":[{\"@type\":\"OpeningHoursSpecification\",\"dayOfWeek\":[\"Monday\",\"Tuesday\",\"Wednesday\",\"Thursday\",\"Friday\",\"Saturday\",\"Sunday\"],\"opens\":\"09:00\",\"closes\":\"17:00\"}],\"email\":\"info@bijdeboefjes.nl\",\"areaServed\":\"nederland\",\"vatID\":\"862471539B01\",\"priceRange\":\"$$$\",\"currenciesAccepted\":\"euro\"},{\"@type\":\"PostalAddress\",\"@id\":\"https:\/\/www.bijdeboefjes.nl\/de\/gruppenunterkunft-16-personen#local-main-place-address\",\"streetAddress\":\"De Fledders 10\",\"addressLocality\":\"Zuidvelde\",\"postalCode\":\"9335 TH\",\"addressRegion\":\"Drenthe\",\"addressCountry\":\"NL\"},{\"@type\":\"ImageObject\",\"inLanguage\":\"de\",\"@id\":\"https:\/\/www.bijdeboefjes.nl\/de\/gruppenunterkunft-16-personen#local-main-organization-logo\",\"url\":\"https:\/\/www.bijdeboefjes.nl\/wp-content\/uploads\/2024\/08\/groepsaccommodatie-bijdeboefjes.png\",\"contentUrl\":\"https:\/\/www.bijdeboefjes.nl\/wp-content\/uploads\/2024\/08\/groepsaccommodatie-bijdeboefjes.png\",\"width\":261,\"height\":88,\"caption\":\"Bij de boefjes\"}]}<\/script>\n<meta name=\"geo.placename\" content=\"Zuidvelde\" \/>\n<meta name=\"geo.position\" content=\"53.022266660330665;6.44366787823392\" \/>\n<meta name=\"geo.region\" content=\"Niederlande\" \/>\n<!-- \/ Yoast SEO plugin. -->","yoast_head_json":{"title":"Gruppenunterkunft f\u00fcr Familie und Freunde","robots":{"index":"index","follow":"follow","max-snippet":"max-snippet:-1","max-image-preview":"max-image-preview:large","max-video-preview":"max-video-preview:-1"},"canonical":"https:\/\/www.bijdeboefjes.nl\/de\/gruppenunterkunft-16-personen","og_locale":"de_DE","og_type":"article","og_title":"Gruppenunterkunft f\u00fcr Familie und Freunde","og_description":"Die Gruppenunterkunft besteht aus mehreren R\u00e4umen im Erdgeschoss und sieben Schlafzimmern im Obergeschoss.","og_url":"https:\/\/www.bijdeboefjes.nl\/de\/gruppenunterkunft-16-personen","og_site_name":"Luxe groepsaccommodatie Drenthe","article_publisher":"https:\/\/www.facebook.com\/bijdeboefjes\/","article_modified_time":"2024-04-19T12:57:03+00:00","og_image":[{"url":"https:\/\/www.bijdeboefjes.nl\/wp-content\/uploads\/2024\/01\/9.jpg","type":"","width":"","height":""}],"twitter_card":"summary_large_image","twitter_misc":{"Gesch\u00e4tzte Lesezeit":"4\u00a0Minuten"},"schema":{"@context":"https:\/\/schema.org","@graph":[{"@type":"WebPage","@id":"https:\/\/www.bijdeboefjes.nl\/de\/gruppenunterkunft-16-personen","url":"https:\/\/www.bijdeboefjes.nl\/de\/gruppenunterkunft-16-personen","name":"Gruppenunterkunft f\u00fcr Familie und Freunde","isPartOf":{"@id":"https:\/\/www.bijdeboefjes.nl\/de#website"},"primaryImageOfPage":{"@id":"https:\/\/www.bijdeboefjes.nl\/de\/gruppenunterkunft-16-personen#primaryimage"},"image":{"@id":"https:\/\/www.bijdeboefjes.nl\/de\/gruppenunterkunft-16-personen#primaryimage"},"thumbnailUrl":"https:\/\/www.bijdeboefjes.nl\/wp-content\/uploads\/2024\/01\/9.jpg","datePublished":"2024-01-09T10:50:18+00:00","dateModified":"2024-04-19T12:57:03+00:00","breadcrumb":{"@id":"https:\/\/www.bijdeboefjes.nl\/de\/gruppenunterkunft-16-personen#breadcrumb"},"inLanguage":"de","potentialAction":[{"@type":"ReadAction","target":["https:\/\/www.bijdeboefjes.nl\/de\/gruppenunterkunft-16-personen"]}]},{"@type":"ImageObject","inLanguage":"de","@id":"https:\/\/www.bijdeboefjes.nl\/de\/gruppenunterkunft-16-personen#primaryimage","url":"https:\/\/www.bijdeboefjes.nl\/wp-content\/uploads\/2024\/01\/9.jpg","contentUrl":"https:\/\/www.bijdeboefjes.nl\/wp-content\/uploads\/2024\/01\/9.jpg"},{"@type":"BreadcrumbList","@id":"https:\/\/www.bijdeboefjes.nl\/de\/gruppenunterkunft-16-personen#breadcrumb","itemListElement":[{"@type":"ListItem","position":1,"name":"Home","item":"https:\/\/www.bijdeboefjes.nl\/de"},{"@type":"ListItem","position":2,"name":"Gruppenunterkunft f\u00fcr Familie und Freunde"}]},{"@type":"WebSite","@id":"https:\/\/www.bijdeboefjes.nl\/de#website","url":"https:\/\/www.bijdeboefjes.nl\/de","name":"Bij de boefjes","description":"groepsaccommodatie","publisher":{"@id":"https:\/\/www.bijdeboefjes.nl\/de#organization"},"potentialAction":[{"@type":"SearchAction","target":{"@type":"EntryPoint","urlTemplate":"https:\/\/www.bijdeboefjes.nl\/de?s={search_term_string}"},"query-input":{"@type":"PropertyValueSpecification","valueRequired":true,"valueName":"search_term_string"}}],"inLanguage":"de"},{"@type":["Organization","Place","LodgingBusiness"],"@id":"https:\/\/www.bijdeboefjes.nl\/de#organization","name":"Bij de boefjes","alternateName":"Groepsaccommodatie","url":"https:\/\/www.bijdeboefjes.nl\/de","logo":{"@id":"https:\/\/www.bijdeboefjes.nl\/de\/gruppenunterkunft-16-personen#local-main-organization-logo"},"image":{"@id":"https:\/\/www.bijdeboefjes.nl\/de\/gruppenunterkunft-16-personen#local-main-organization-logo"},"sameAs":["https:\/\/www.facebook.com\/bijdeboefjes\/","https:\/\/www.instagram.com\/bijdeboefjes\/?hl=nl","https:\/\/www.linkedin.com\/in\/jan-wietse-fokkema-16514729\/","https:\/\/www.linkedin.com\/in\/gea-messchendorp-4060"],"address":{"@id":"https:\/\/www.bijdeboefjes.nl\/de\/gruppenunterkunft-16-personen#local-main-place-address"},"geo":{"@type":"GeoCoordinates","latitude":"53.022266660330665","longitude":"6.44366787823392"},"telephone":["+316 21 99 83 87"],"openingHoursSpecification":[{"@type":"OpeningHoursSpecification","dayOfWeek":["Monday","Tuesday","Wednesday","Thursday","Friday","Saturday","Sunday"],"opens":"09:00","closes":"17:00"}],"email":"info@bijdeboefjes.nl","areaServed":"nederland","vatID":"862471539B01","priceRange":"$$$","currenciesAccepted":"euro"},{"@type":"PostalAddress","@id":"https:\/\/www.bijdeboefjes.nl\/de\/gruppenunterkunft-16-personen#local-main-place-address","streetAddress":"De Fledders 10","addressLocality":"Zuidvelde","postalCode":"9335 TH","addressRegion":"Drenthe","addressCountry":"NL"},{"@type":"ImageObject","inLanguage":"de","@id":"https:\/\/www.bijdeboefjes.nl\/de\/gruppenunterkunft-16-personen#local-main-organization-logo","url":"https:\/\/www.bijdeboefjes.nl\/wp-content\/uploads\/2024\/08\/groepsaccommodatie-bijdeboefjes.png","contentUrl":"https:\/\/www.bijdeboefjes.nl\/wp-content\/uploads\/2024\/08\/groepsaccommodatie-bijdeboefjes.png","width":261,"height":88,"caption":"Bij de boefjes"}]},"geo.placename":"Zuidvelde","geo.position":{"lat":"53.022266660330665","long":"6.44366787823392"},"geo.region":"Niederlande"},"featured_image_src":null,"featured_image_src_square":null,"_links":{"self":[{"href":"https:\/\/www.bijdeboefjes.nl\/de\/wp-json\/wp\/v2\/pages\/1713","targetHints":{"allow":["GET"]}}],"collection":[{"href":"https:\/\/www.bijdeboefjes.nl\/de\/wp-json\/wp\/v2\/pages"}],"about":[{"href":"https:\/\/www.bijdeboefjes.nl\/de\/wp-json\/wp\/v2\/types\/page"}],"author":[{"embeddable":true,"href":"https:\/\/www.bijdeboefjes.nl\/de\/wp-json\/wp\/v2\/users\/1"}],"replies":[{"embeddable":true,"href":"https:\/\/www.bijdeboefjes.nl\/de\/wp-json\/wp\/v2\/comments?post=1713"}],"version-history":[{"count":8,"href":"https:\/\/www.bijdeboefjes.nl\/de\/wp-json\/wp\/v2\/pages\/1713\/revisions"}],"predecessor-version":[{"id":1725,"href":"https:\/\/www.bijdeboefjes.nl\/de\/wp-json\/wp\/v2\/pages\/1713\/revisions\/1725"}],"wp:attachment":[{"href":"https:\/\/www.bijdeboefjes.nl\/de\/wp-json\/wp\/v2\/media?parent=1713"}],"curies":[{"name":"wp","href":"https:\/\/api.w.org\/{rel}","templated":true}]}}